{"id":957,"date":"2024-05-16T09:37:23","date_gmt":"2024-05-16T07:37:23","guid":{"rendered":"https:\/\/lavandou.epi-plongee.fr\/?page_id=957"},"modified":"2025-06-06T11:14:21","modified_gmt":"2025-06-06T09:14:21","slug":"nos-bateaux","status":"publish","type":"page","link":"https:\/\/lavandou.epi-plongee.fr\/?page_id=957","title":{"rendered":"\ud83d\udee5\ufe0fNos bateaux"},"content":{"rendered":"\n<p class=\"has-pale-ocean-gradient-background has-background\"><\/p>\n\n\n\n<figure class=\"wp-block-gallery aligncenter has-nested-images columns-default is-cropped wp-block-gallery-1 is-layout-flex wp-block-gallery-is-layout-flex\">\n<figure class=\"wp-block-image size-full\"><img loading=\"lazy\" decoding=\"async\" width=\"1500\" height=\"2000\" data-id=\"1053\" src=\"https:\/\/lavandou.epi-plongee.fr\/wp-content\/uploads\/2025\/05\/nos-bateaux.jpg\" alt=\"\" class=\"wp-image-1053\" srcset=\"https:\/\/lavandou.epi-plongee.fr\/wp-content\/uploads\/2025\/05\/nos-bateaux.jpg 1500w, https:\/\/lavandou.epi-plongee.fr\/wp-content\/uploads\/2025\/05\/nos-bateaux-225x300.jpg 225w, https:\/\/lavandou.epi-plongee.fr\/wp-content\/uploads\/2025\/05\/nos-bateaux-768x1024.jpg 768w, https:\/\/lavandou.epi-plongee.fr\/wp-content\/uploads\/2025\/05\/nos-bateaux-1152x1536.jpg 1152w, https:\/\/lavandou.epi-plongee.fr\/wp-content\/uploads\/2025\/05\/nos-bateaux-600x800.jpg 600w\" sizes=\"auto, (max-width: 1500px) 100vw, 1500px\" \/><\/figure>\n\n\n\n<figure class=\"wp-block-image size-full\"><img loading=\"lazy\" decoding=\"async\" width=\"2000\" height=\"1500\" data-id=\"1054\" src=\"https:\/\/lavandou.epi-plongee.fr\/wp-content\/uploads\/2025\/05\/nos-bateaux-2.jpg\" alt=\"\" class=\"wp-image-1054\" srcset=\"https:\/\/lavandou.epi-plongee.fr\/wp-content\/uploads\/2025\/05\/nos-bateaux-2.jpg 2000w, https:\/\/lavandou.epi-plongee.fr\/wp-content\/uploads\/2025\/05\/nos-bateaux-2-300x225.jpg 300w, https:\/\/lavandou.epi-plongee.fr\/wp-content\/uploads\/2025\/05\/nos-bateaux-2-1024x768.jpg 1024w, https:\/\/lavandou.epi-plongee.fr\/wp-content\/uploads\/2025\/05\/nos-bateaux-2-768x576.jpg 768w, https:\/\/lavandou.epi-plongee.fr\/wp-content\/uploads\/2025\/05\/nos-bateaux-2-1536x1152.jpg 1536w\" sizes=\"auto, (max-width: 2000px) 100vw, 2000px\" \/><\/figure>\n\n\n\n<figure class=\"wp-block-image size-full\"><img loading=\"lazy\" decoding=\"async\" width=\"1500\" height=\"2000\" data-id=\"1055\" src=\"https:\/\/lavandou.epi-plongee.fr\/wp-content\/uploads\/2025\/05\/nos-bateaux-3.jpg\" alt=\"\" class=\"wp-image-1055\" srcset=\"https:\/\/lavandou.epi-plongee.fr\/wp-content\/uploads\/2025\/05\/nos-bateaux-3.jpg 1500w, https:\/\/lavandou.epi-plongee.fr\/wp-content\/uploads\/2025\/05\/nos-bateaux-3-225x300.jpg 225w, https:\/\/lavandou.epi-plongee.fr\/wp-content\/uploads\/2025\/05\/nos-bateaux-3-768x1024.jpg 768w, https:\/\/lavandou.epi-plongee.fr\/wp-content\/uploads\/2025\/05\/nos-bateaux-3-1152x1536.jpg 1152w\" sizes=\"auto, (max-width: 1500px) 100vw, 1500px\" \/><\/figure>\n<\/figure>\n\n\n\n<h3 class=\"wp-block-heading\"><strong>Nos bateaux \u2013 EXOCET &amp; SCYLLIAS<\/strong><\/h3>\n\n\n\n<p><strong>Confort, s\u00e9curit\u00e9 et performance au service de vos plong\u00e9es<\/strong><\/p>\n\n\n\n<p>Pour vous offrir la meilleure exp\u00e9rience possible, notre club EPI Lavandou dispose de <strong>deux bateaux semi-rigides r\u00e9cents et parfaitement \u00e9quip\u00e9s<\/strong>, chacun avec une <strong>capacit\u00e9 d\u2019accueil de 15 plongeurs<\/strong>.<\/p>\n\n\n\n<p>\ud83d\udee5\ufe0f <strong>EXOCET<\/strong><br>C&rsquo;est un semi-rigide spacieux, con\u00e7u pour allier stabilit\u00e9, confort en mer et rapidit\u00e9 d\u2019acc\u00e8s aux sites de plong\u00e9e. Il permet un embarquement fluide, un \u00e9quipement \u00e0 bord efficace et des navigations agr\u00e9ables m\u00eame en mer form\u00e9e.<\/p>\n\n\n\n<p>\ud83d\udee5\ufe0f <strong>SCYLLIAS<\/strong><br>Il partage les m\u00eames qualit\u00e9s que son jumeau EXOCET : un am\u00e9nagement pens\u00e9 pour les groupes, des rangements pratiques pour le mat\u00e9riel de plong\u00e9e et une motorisation puissante assurant des trajets rapides et s\u00fbrs vers nos plus beaux spots.<\/p>\n\n\n\n<p>\ud83d\udc68\u200d\u2708\ufe0f Nos deux unit\u00e9s sont <strong>enregistr\u00e9es aupr\u00e8s des Affaires Maritimes<\/strong> et r\u00e9pondent \u00e0 toutes les normes de s\u00e9curit\u00e9 en vigueur pour le transport de plongeurs professionnels. Que vous soyez d\u00e9butant ou plongeur confirm\u00e9, vous embarquez en toute s\u00e9r\u00e9nit\u00e9 avec une \u00e9quipe exp\u00e9riment\u00e9e \u00e0 bord.<\/p>\n\n\n\n<p>\ud83c\udf0a <strong>\u00c0 chacun son rythme : confort et praticit\u00e9 avant tout<\/strong><br>Sur nos bateaux, vous pouvez choisir de vous \u00e9quiper tranquillement \u00e0 bord et de plonger \u00e9quip\u00e9 ou alors de vous \u00e9quiper dans l&rsquo;eau selon vos pr\u00e9f\u00e9rences. Et pour plus de confort, <strong>vous remontez \u00e0 bord sans la bouteille sur le dos<\/strong> : notre \u00e9quipe s\u2019occupe de la r\u00e9cup\u00e9rer sur le bateau \u00e0 votre sortie de plong\u00e9e.<\/p>\n\n\n\n<p class=\"has-pale-ocean-gradient-background has-background\"><\/p>\n\n\n\n<p><\/p>\n","protected":false},"excerpt":{"rendered":"<p>Nos bateaux \u2013 EXOCET &amp; SCYLLIAS Confort, s\u00e9curit\u00e9 et performance au service de vos plong\u00e9es Pour vous offrir la meilleure exp\u00e9rience possible, notre club EPI&hellip;<\/p>\n","protected":false},"author":4,"featured_media":1053,"parent":0,"menu_order":0,"comment_status":"closed","ping_status":"closed","template":"","meta":{"footnotes":""},"class_list":["post-957","page","type-page","status-publish","has-post-thumbnail","hentry"],"featured_image_src":"https:\/\/lavandou.epi-plongee.fr\/wp-content\/uploads\/2025\/05\/nos-bateaux.jpg","_links":{"self":[{"href":"https:\/\/lavandou.epi-plongee.fr\/index.php?rest_route=\/wp\/v2\/pages\/957","targetHints":{"allow":["GET"]}}],"collection":[{"href":"https:\/\/lavandou.epi-plongee.fr\/index.php?rest_route=\/wp\/v2\/pages"}],"about":[{"href":"https:\/\/lavandou.epi-plongee.fr\/index.php?rest_route=\/wp\/v2\/types\/page"}],"author":[{"embeddable":true,"href":"https:\/\/lavandou.epi-plongee.fr\/index.php?rest_route=\/wp\/v2\/users\/4"}],"replies":[{"embeddable":true,"href":"https:\/\/lavandou.epi-plongee.fr\/index.php?rest_route=%2Fwp%2Fv2%2Fcomments&post=957"}],"version-history":[{"count":7,"href":"https:\/\/lavandou.epi-plongee.fr\/index.php?rest_route=\/wp\/v2\/pages\/957\/revisions"}],"predecessor-version":[{"id":1210,"href":"https:\/\/lavandou.epi-plongee.fr\/index.php?rest_route=\/wp\/v2\/pages\/957\/revisions\/1210"}],"wp:featuredmedia":[{"embeddable":true,"href":"https:\/\/lavandou.epi-plongee.fr\/index.php?rest_route=\/wp\/v2\/media\/1053"}],"wp:attachment":[{"href":"https:\/\/lavandou.epi-plongee.fr\/index.php?rest_route=%2Fwp%2Fv2%2Fmedia&parent=957"}],"curies":[{"name":"wp","href":"https:\/\/api.w.org\/{rel}","templated":true}]}}