{"id":721,"date":"2023-09-12T21:53:58","date_gmt":"2023-09-12T19:53:58","guid":{"rendered":"https:\/\/lavandou.epi-plongee.fr\/?page_id=721"},"modified":"2026-01-22T16:04:25","modified_gmt":"2026-01-22T15:04:25","slug":"ou-loger","status":"publish","type":"page","link":"https:\/\/lavandou.epi-plongee.fr\/?page_id=721","title":{"rendered":"\ud83d\udccdO\u00f9 loger durant votre s\u00e9jour"},"content":{"rendered":"\n<p>EPI le Lavandou a mis en place un partenariat avec <strong>trois \u00e9tablissements<\/strong> du centre ville pour vous offrir un s\u00e9jour inoubliable. Nous avons soigneusement s\u00e9lectionn\u00e9 ces \u00e9tablissements pour vous garantir un h\u00e9bergement de premier choix \u00e0 proximit\u00e9 de notre centre de plong\u00e9e !<\/p>\n\n\n\n<p>En r\u00e9servant votre s\u00e9jour dans l&rsquo;un de nos partenaires, vous b\u00e9n\u00e9ficierez de tarifs pr\u00e9f\u00e9rentiels<\/p>\n\n\n\n<p>N&rsquo;attendez plus pour les contacter de notre part<\/p>\n\n\n\n<p>\ud83d\udccd<a href=\"https:\/\/www.le-rabelais.fr\"><strong>H\u00f4tel LE RA<\/strong><\/a><strong><a href=\"https:\/\/www.hotel-le-rabelais.com\/\">B<\/a><\/strong><a href=\"https:\/\/www.le-rabelais.fr\/index.cfm\"><strong>ELAIS<\/strong><\/a> : <a href=\"tel:0494710056\">04 94 71 00 56<\/a><\/p>\n\n\n\n<div class=\"wp-block-columns is-layout-flex wp-container-core-columns-is-layout-9d6595d7 wp-block-columns-is-layout-flex\">\n<div class=\"wp-block-column is-layout-flow wp-block-column-is-layout-flow\" style=\"flex-basis:66.66%\"><div class=\"wp-block-image\">\n<figure class=\"aligncenter size-full is-resized\"><a href=\"https:\/\/www.google.com\/maps\/search\/H%C3%B4tel+Le+rabelais\/@43.1375335,6.3704275,19z\/data=!4m4!2m3!5m2!5m1!1s2023-10-06?entry=ttu\" target=\"_blank\" rel=\"noreferrer noopener\"><img loading=\"lazy\" decoding=\"async\" width=\"466\" height=\"724\" src=\"https:\/\/lavandou.epi-plongee.fr\/wp-content\/uploads\/2023\/09\/carte-rabelais.jpg\" alt=\"\" class=\"wp-image-724\" style=\"width:227px;height:353px\" srcset=\"https:\/\/lavandou.epi-plongee.fr\/wp-content\/uploads\/2023\/09\/carte-rabelais.jpg 466w, https:\/\/lavandou.epi-plongee.fr\/wp-content\/uploads\/2023\/09\/carte-rabelais-193x300.jpg 193w\" sizes=\"auto, (max-width: 466px) 100vw, 466px\" \/><\/a><\/figure>\n<\/div><\/div>\n\n\n\n<div class=\"wp-block-column is-layout-flow wp-block-column-is-layout-flow\" style=\"flex-basis:33.33%\"><div class=\"wp-block-image\">\n<figure class=\"aligncenter size-full\"><a href=\"https:\/\/www.le-rabelais.fr\/index.cfm\"><img loading=\"lazy\" decoding=\"async\" width=\"640\" height=\"400\" src=\"https:\/\/lavandou.epi-plongee.fr\/wp-content\/uploads\/2023\/09\/c32e3ff8aa7942d27eb399b858d0fbf3a11ef5cf.jpeg\" alt=\"\" class=\"wp-image-725\" srcset=\"https:\/\/lavandou.epi-plongee.fr\/wp-content\/uploads\/2023\/09\/c32e3ff8aa7942d27eb399b858d0fbf3a11ef5cf.jpeg 640w, https:\/\/lavandou.epi-plongee.fr\/wp-content\/uploads\/2023\/09\/c32e3ff8aa7942d27eb399b858d0fbf3a11ef5cf-300x188.jpeg 300w\" sizes=\"auto, (max-width: 640px) 100vw, 640px\" \/><\/a><\/figure>\n<\/div><\/div>\n<\/div>\n\n\n\n<p>\ud83d\udccd<strong><a href=\"https:\/\/www.hotelbeaurivage.fr\/\" data-type=\"link\" data-id=\"https:\/\/www.hotelbeaurivage.fr\/\">H\u00f4tel Beau rivage<\/a><\/strong>  <a href=\"https:\/\/www.google.com\/search?q=hotel+beaurivage+le+lavandou&amp;sca_esv=591f49c5cb9ac867&amp;sxsrf=ANbL-n6v8JckUxiG63UUKGYffy0vqcVGYA%3A1769093847570&amp;ei=1zpyab3HIrOL7M8PzpWHsQo&amp;ved=0ahUKEwj9ju-StJ-SAxWzBfsDHc7KIaYQ4dUDCBE&amp;uact=5&amp;oq=hotel+beaurivage+le+lavandou&amp;gs_lp=Egxnd3Mtd2l6LXNlcnAiHGhvdGVsIGJlYXVyaXZhZ2UgbGUgbGF2YW5kb3UyDRAuGIAEGMcBGA0YrwEyBhAAGBYYHjIGEAAYFhgeMgYQABgWGB4yBhAAGBYYHjIGEAAYFhgeMgYQABgWGB4yBRAAGO8FMggQABiiBBiJBTIIEAAYogQYiQUyHBAuGIAEGMcBGA0YrwEYlwUY3AQY3gQY4ATYAQJIgRVQ8QJY6xJwAXgBkAEAmAGLAaABzAuqAQQwLjEyuAEDyAEA-AEBmAINoAKcDMICChAAGLADGNYEGEfCAg0QABiABBiwAxhDGIoFwgIiEC4YgAQYsAMYQxjHARiYBRjIAxiZBRiKBRieBRivAdgBAcICHxAuGIAEGLADGEMYxwEYmAUYyAMYmQUYigUYrwHYAQHCAhYQLhiABBhDGMcBGJgFGJkFGIoFGK8BwgIKEAAYgAQYQxiKBcICBxAAGIAEGArCAgUQABiABMICFhAuGIAEGMcBGJgFGJkFGAoYjgUYrwHCAgwQABiABBhDGIoFGArCAiUQLhiABBhDGMcBGJgFGJkFGIoFGK8BGJcFGNwEGN4EGOAE2AECwgIIEAAYFhgKGB7CAgcQABiABBgNwgIGEAAYDRgewgIIEAAYgAQYogSYAwCIBgGQBgu6BgQIARgIugYGCAIQARgUkgcEMS4xMqAH_5ABsgcEMC4xMrgHkwzCBwYyLTEyLjHIBz-ACAA&amp;sclient=gws-wiz-serp#\">04 94 71 11 09<\/a><\/p>\n\n\n\n<div class=\"wp-block-columns is-layout-flex wp-container-core-columns-is-layout-9d6595d7 wp-block-columns-is-layout-flex\">\n<div class=\"wp-block-column is-layout-flow wp-block-column-is-layout-flow\" style=\"flex-basis:33.33%\"><div class=\"wp-block-image\">\n<figure class=\"aligncenter size-large\"><a href=\"https:\/\/lavandou.epi-plongee.fr\/wp-content\/uploads\/2026\/01\/hotel-beaurivage.webp\"><img loading=\"lazy\" decoding=\"async\" width=\"1024\" height=\"768\" src=\"https:\/\/lavandou.epi-plongee.fr\/wp-content\/uploads\/2026\/01\/hotel-beaurivage-1024x768.webp\" alt=\"\" class=\"wp-image-1234\" srcset=\"https:\/\/lavandou.epi-plongee.fr\/wp-content\/uploads\/2026\/01\/hotel-beaurivage-1024x768.webp 1024w, https:\/\/lavandou.epi-plongee.fr\/wp-content\/uploads\/2026\/01\/hotel-beaurivage-300x225.webp 300w, https:\/\/lavandou.epi-plongee.fr\/wp-content\/uploads\/2026\/01\/hotel-beaurivage-768x576.webp 768w, https:\/\/lavandou.epi-plongee.fr\/wp-content\/uploads\/2026\/01\/hotel-beaurivage.webp 1360w\" sizes=\"auto, (max-width: 1024px) 100vw, 1024px\" \/><\/a><\/figure>\n<\/div><\/div>\n<\/div>\n\n\n\n<p>\ud83d\udccd<strong><a href=\"https:\/\/www.kaliope.net\/\" data-type=\"link\" data-id=\"https:\/\/www.kaliope.net\/\">R\u00e9sidence Kaliop\u00e9 et Village Oustal del Mar<\/a><\/strong> : 04 94 01 81 81<\/p>\n\n\n\n<div class=\"wp-block-group\"><div class=\"wp-block-group__inner-container is-layout-constrained wp-block-group-is-layout-constrained\">\n<div class=\"wp-block-group\"><div class=\"wp-block-group__inner-container is-layout-constrained wp-block-group-is-layout-constrained\"><div class=\"wp-block-image\">\n<figure class=\"aligncenter size-full is-resized\"><img loading=\"lazy\" decoding=\"async\" width=\"341\" height=\"197\" src=\"https:\/\/lavandou.epi-plongee.fr\/wp-content\/uploads\/2024\/05\/Capture-decran-2024-05-16-000855-1.png\" alt=\"\" class=\"wp-image-943\" style=\"width:363px;height:auto\" srcset=\"https:\/\/lavandou.epi-plongee.fr\/wp-content\/uploads\/2024\/05\/Capture-decran-2024-05-16-000855-1.png 341w, https:\/\/lavandou.epi-plongee.fr\/wp-content\/uploads\/2024\/05\/Capture-decran-2024-05-16-000855-1-300x173.png 300w\" sizes=\"auto, (max-width: 341px) 100vw, 341px\" \/><\/figure>\n<\/div><\/div><\/div>\n<\/div><\/div>\n\n\n\n<div class=\"wp-block-columns is-layout-flex wp-container-core-columns-is-layout-9d6595d7 wp-block-columns-is-layout-flex\">\n<div class=\"wp-block-column is-layout-flow wp-block-column-is-layout-flow\">\n<figure class=\"wp-block-image size-full is-resized\"><img loading=\"lazy\" decoding=\"async\" width=\"323\" height=\"183\" src=\"https:\/\/lavandou.epi-plongee.fr\/wp-content\/uploads\/2024\/05\/Capture-decran-2024-05-16-001023.png\" alt=\"\" class=\"wp-image-946\" style=\"width:363px;height:auto\" srcset=\"https:\/\/lavandou.epi-plongee.fr\/wp-content\/uploads\/2024\/05\/Capture-decran-2024-05-16-001023.png 323w, https:\/\/lavandou.epi-plongee.fr\/wp-content\/uploads\/2024\/05\/Capture-decran-2024-05-16-001023-300x170.png 300w\" sizes=\"auto, (max-width: 323px) 100vw, 323px\" \/><\/figure>\n<\/div>\n\n\n\n<div class=\"wp-block-column is-layout-flow wp-block-column-is-layout-flow\">\n<figure class=\"wp-block-image size-full is-resized\"><img loading=\"lazy\" decoding=\"async\" width=\"316\" height=\"184\" src=\"https:\/\/lavandou.epi-plongee.fr\/wp-content\/uploads\/2024\/05\/Capture-decran-2024-05-16-001013-2.png\" alt=\"\" class=\"wp-image-945\" style=\"width:366px;height:auto\" srcset=\"https:\/\/lavandou.epi-plongee.fr\/wp-content\/uploads\/2024\/05\/Capture-decran-2024-05-16-001013-2.png 316w, https:\/\/lavandou.epi-plongee.fr\/wp-content\/uploads\/2024\/05\/Capture-decran-2024-05-16-001013-2-300x175.png 300w\" sizes=\"auto, (max-width: 316px) 100vw, 316px\" \/><\/figure>\n<\/div>\n<\/div>\n\n\n\n<h5 class=\"wp-block-heading\"><strong>A 10mn \u00e0 pied du centre<\/strong><\/h5>\n\n\n\n<figure class=\"wp-block-image size-full is-resized\"><img loading=\"lazy\" decoding=\"async\" width=\"628\" height=\"561\" src=\"https:\/\/lavandou.epi-plongee.fr\/wp-content\/uploads\/2024\/05\/Capture-decran-2024-05-16-001938-1.png\" alt=\"\" class=\"wp-image-948\" style=\"width:327px;height:auto\" srcset=\"https:\/\/lavandou.epi-plongee.fr\/wp-content\/uploads\/2024\/05\/Capture-decran-2024-05-16-001938-1.png 628w, https:\/\/lavandou.epi-plongee.fr\/wp-content\/uploads\/2024\/05\/Capture-decran-2024-05-16-001938-1-300x268.png 300w\" sizes=\"auto, (max-width: 628px) 100vw, 628px\" \/><\/figure>\n","protected":false},"excerpt":{"rendered":"<p>EPI le Lavandou a mis en place un partenariat avec trois \u00e9tablissements du centre ville pour vous offrir un s\u00e9jour inoubliable. Nous avons soigneusement s\u00e9lectionn\u00e9&hellip;<\/p>\n","protected":false},"author":1,"featured_media":0,"parent":0,"menu_order":0,"comment_status":"closed","ping_status":"closed","template":"","meta":{"footnotes":""},"class_list":["post-721","page","type-page","status-publish","hentry"],"featured_image_src":null,"_links":{"self":[{"href":"https:\/\/lavandou.epi-plongee.fr\/index.php?rest_route=\/wp\/v2\/pages\/721","targetHints":{"allow":["GET"]}}],"collection":[{"href":"https:\/\/lavandou.epi-plongee.fr\/index.php?rest_route=\/wp\/v2\/pages"}],"about":[{"href":"https:\/\/lavandou.epi-plongee.fr\/index.php?rest_route=\/wp\/v2\/types\/page"}],"author":[{"embeddable":true,"href":"https:\/\/lavandou.epi-plongee.fr\/index.php?rest_route=\/wp\/v2\/users\/1"}],"replies":[{"embeddable":true,"href":"https:\/\/lavandou.epi-plongee.fr\/index.php?rest_route=%2Fwp%2Fv2%2Fcomments&post=721"}],"version-history":[{"count":17,"href":"https:\/\/lavandou.epi-plongee.fr\/index.php?rest_route=\/wp\/v2\/pages\/721\/revisions"}],"predecessor-version":[{"id":1237,"href":"https:\/\/lavandou.epi-plongee.fr\/index.php?rest_route=\/wp\/v2\/pages\/721\/revisions\/1237"}],"wp:attachment":[{"href":"https:\/\/lavandou.epi-plongee.fr\/index.php?rest_route=%2Fwp%2Fv2%2Fmedia&parent=721"}],"curies":[{"name":"wp","href":"https:\/\/api.w.org\/{rel}","templated":true}]}}