{"id":702,"date":"2023-09-12T20:54:13","date_gmt":"2023-09-12T18:54:13","guid":{"rendered":"https:\/\/lavandou.epi-plongee.fr\/?page_id=702"},"modified":"2023-11-08T08:24:38","modified_gmt":"2023-11-08T07:24:38","slug":"le-ramon-membru","status":"publish","type":"page","link":"https:\/\/lavandou.epi-plongee.fr\/?page_id=702","title":{"rendered":"Le Ramon Membr\u00f9"},"content":{"rendered":"\n<figure class=\"wp-block-image size-large\"><img loading=\"lazy\" decoding=\"async\" width=\"1024\" height=\"643\" src=\"https:\/\/lavandou.epi-plongee.fr\/wp-content\/uploads\/2023\/09\/ramonmumbru_OUV-1024x643.jpg\" alt=\"\" class=\"wp-image-703\" srcset=\"https:\/\/lavandou.epi-plongee.fr\/wp-content\/uploads\/2023\/09\/ramonmumbru_OUV-1024x643.jpg 1024w, https:\/\/lavandou.epi-plongee.fr\/wp-content\/uploads\/2023\/09\/ramonmumbru_OUV-300x188.jpg 300w, https:\/\/lavandou.epi-plongee.fr\/wp-content\/uploads\/2023\/09\/ramonmumbru_OUV-768x482.jpg 768w, https:\/\/lavandou.epi-plongee.fr\/wp-content\/uploads\/2023\/09\/ramonmumbru_OUV.jpg 1280w\" sizes=\"auto, (max-width: 1024px) 100vw, 1024px\" \/><\/figure>\n\n\n\n<p>Dans la baie de Cavalaire, <strong>le Ramon Membr\u00f9<\/strong> (ou Mumbru) est une \u00e9pave tr\u00e8s facile d&rsquo;acc\u00e8s \u00e0 partir du niveau 1 longue de 120m sur une largeur de 25m. L&rsquo;histoire de ce navire est quelque peu myst\u00e9rieuse !<\/p>\n\n\n\n<p><strong><mark style=\"background-color:rgba(0, 0, 0, 0)\" class=\"has-inline-color has-luminous-vivid-amber-color\">Un peu d&rsquo;histoire&#8230;<\/mark><\/strong><\/p>\n\n\n\n<p>En 1903, le <strong>Coronation<\/strong> (nom d&rsquo;origine) d\u00e9marre sa dr\u00f4le de vie sous l&rsquo;\u00e9gide de la compagnie de Taylor &amp; Sanderson. Issue des chantiers anglais Short Brothers, de Pallion \u00e0 Sunderland dans le nord-est de l\u2019Angleterre, ce cargo en acier mesure 111 m\u00e8tres de long sur 15 m\u00e8tres de large pour 8 m\u00e8tres de tirant d\u2019eau. <\/p>\n\n\n\n<p>\ud83d\udcccPremier \u00e9chouage<\/p>\n\n\n\n<p>Le 12 janvier 1913, revenant de Br\u00eame, le <strong>Coronation<\/strong> essuya une grosse temp\u00eate hivernale. Il se retrouva dross\u00e9 \u00e0 la c\u00f4te pr\u00e8s de Ravenscar dans le Yorkshire, sur la c\u00f4te Est de l\u2019Angleterre. L\u2019\u00e9quipage put s\u2019extraire du navire et gagner le rivage. La coque avait souffert de l\u2019\u00e9chouage et s&rsquo;\u00e9tait d\u00e9chir\u00e9e par les r\u00e9cifs en plusieurs endroits.<\/p>\n\n\n\n<figure class=\"wp-block-image size-full\"><img loading=\"lazy\" decoding=\"async\" width=\"800\" height=\"494\" src=\"https:\/\/lavandou.epi-plongee.fr\/wp-content\/uploads\/2023\/09\/coronation_ramon_mumbra.jpg\" alt=\"\" class=\"wp-image-704\" srcset=\"https:\/\/lavandou.epi-plongee.fr\/wp-content\/uploads\/2023\/09\/coronation_ramon_mumbra.jpg 800w, https:\/\/lavandou.epi-plongee.fr\/wp-content\/uploads\/2023\/09\/coronation_ramon_mumbra-300x185.jpg 300w, https:\/\/lavandou.epi-plongee.fr\/wp-content\/uploads\/2023\/09\/coronation_ramon_mumbra-768x474.jpg 768w\" sizes=\"auto, (max-width: 800px) 100vw, 800px\" \/><\/figure>\n\n\n\n<p>Pour obstruer les trous, on d\u00e9cida de couler 80 tonnes de ciment dans le fond de la coque, mais les tentatives pour le d\u00e9gager n\u2019eurent pas de succ\u00e8s avec ce lest suppl\u00e9mentaire. D\u00e9clar\u00e9 par les assureurs d\u00e9finitivement perdu, en septembre 1913, \u00e0 la grande surprise g\u00e9n\u00e9rale, une grande mar\u00e9e \u00e0 permis au cargo de se d\u00e9gager et de regagner le port de Sunderland o\u00f9 il put finalement \u00eatre r\u00e9par\u00e9.<\/p>\n\n\n\n<p>Mais ses ennuis n\u2019\u00e9taient pas termin\u00e9s. Pendant les travaux de r\u00e9paration, un mois apr\u00e8s sa mise en chantier, un incendie se d\u00e9clara alors qu\u2019il se trouvait \u00e0 Harllepod Docks<\/p>\n\n\n\n<p>En 1914, le Coronation fut vendu \u00e0 la compagnie Frederick W. Horlock de Harwich, toujours en Grande Bretagne, qui le baptisa Coralie Horlock.<\/p>\n\n\n\n<p>Puis alors qu\u2019il \u00e9tait retenu \u00e0 Hambourg, il fut r\u00e9quisitionn\u00e9 en 1917 par la Kaiserische Marine, la Marine Imp\u00e9riale Allemande et destin\u00e9 en janvier 1918 \u00e0 servir de cible d\u2019entra\u00eenement aux U-Boote.<\/p>\n\n\n\n<p>R\u00e9cup\u00e9r\u00e9 en d\u00e9cembre 1918 \u00e0 la fin de la guerre par la compagnie Horlock, le cargo fut finalement vendu \u00e0 l\u2019armateur espagnol Domingo Membr\u00f9 de Barcelone et devient le Ramon Membr\u00f9.<\/p>\n\n\n\n<p>\ud83d\udcccLe 4 juin 1921, le Ramon Membr\u00f9 allait de Galveston \u00e0 G\u00eanes, avec 37 hommes d\u2019\u00e9quipage et une myst\u00e9rieuse cargaison non r\u00e9pertori\u00e9e. Alors qu\u2019il croisait devait la baie de Cavalaire, une explosion se fit entendre dans une de ses cales. Le capitaine supposa que le navire venait de toucher une mine oubli\u00e9e depuis la fin de la Premi\u00e8re Guerre mondiale, comme il s\u2019en trouvait encore pr\u00e8s du littoral. Il d\u00e9cida, en mesure d\u2019urgence, d\u2019aller s\u2019\u00e9chouer \u00e0 la c\u00f4te pour \u00e9viter le naufrage.<\/p>\n\n\n\n<figure class=\"wp-block-image size-full\"><img loading=\"lazy\" decoding=\"async\" width=\"850\" height=\"529\" src=\"https:\/\/lavandou.epi-plongee.fr\/wp-content\/uploads\/2023\/09\/coronation1903_0.jpg\" alt=\"\" class=\"wp-image-707\" srcset=\"https:\/\/lavandou.epi-plongee.fr\/wp-content\/uploads\/2023\/09\/coronation1903_0.jpg 850w, https:\/\/lavandou.epi-plongee.fr\/wp-content\/uploads\/2023\/09\/coronation1903_0-300x187.jpg 300w, https:\/\/lavandou.epi-plongee.fr\/wp-content\/uploads\/2023\/09\/coronation1903_0-768x478.jpg 768w\" sizes=\"auto, (max-width: 850px) 100vw, 850px\" \/><\/figure>\n\n\n\n<p>Un p\u00eacheur qui se trouvait \u00e0 l\u2019aube sur l\u2019\u00e9cueil de l\u2019Enfer, pr\u00e8s du cap Lardier, vit un \u00e9norme bateau venir droit sur lui. Le Ramon Membr\u00f9 bouscula la barque et monta sur la roche. Pris dans son \u00e9lan, le cargo continua droit sur le cap Lardier o\u00f9 il fut dross\u00e9 sur les rochers.<\/p>\n\n\n\n<p>Le Ramon Membr\u00f9 resta plant\u00e9 l\u00e0, mais ne coula pas. Toute la journ\u00e9e, des embarcations charg\u00e9es de paquets, faisaient la navette entre le bateau et une plage voisine, jusqu\u2019au moment o\u00f9 le douanier de Cavalaire flairant le mauvais coup, constata qu\u2019il s\u2019agissait d\u2019une cargaison cigares de contrebande et mit fin au petit man\u00e8ge en mena\u00e7ant de saisir toute la cargaison en attendant de voir les justificatifs concernant la marchandise. Dans la nuit, un autre bateau espagnol vint discr\u00e8tement rejoindre le Ramon Membr\u00f9. On peut supposer que c\u2019\u00e9tait pour transf\u00e9rer la cargaison frauduleuse. Le lendemain, un remorqueur de Toulon vint d\u00e9s\u00e9chouer le Ramon Membr\u00f9 qui, par miracle, n\u2019avait pas d\u2019avarie majeure. Le cargo fut ramen\u00e9 en baie de Cavalaire, puis ne pr\u00e9sentant pas de voie d\u2019eau, fut mis au mouillage.<\/p>\n\n\n\n<p>Dans la nuit suivante, un incendie se d\u00e9clara sur le navire au mouillage, avec ou sans ses cigares, on ne le saura pas puisque officiellement, la cargaison aurait br\u00fbl\u00e9 dans l\u2019incendie\u2026 Le 6 juin 1921, le Ramon Membr\u00f9 finit par c\u00e9der et sombra devant le port de Cavalaire.<\/p>\n\n\n\n<figure class=\"wp-block-image size-large\"><img loading=\"lazy\" decoding=\"async\" width=\"1024\" height=\"631\" src=\"https:\/\/lavandou.epi-plongee.fr\/wp-content\/uploads\/2023\/09\/Carte-Ramon-1024x631.jpg\" alt=\"\" class=\"wp-image-708\" srcset=\"https:\/\/lavandou.epi-plongee.fr\/wp-content\/uploads\/2023\/09\/Carte-Ramon-1024x631.jpg 1024w, https:\/\/lavandou.epi-plongee.fr\/wp-content\/uploads\/2023\/09\/Carte-Ramon-300x185.jpg 300w, https:\/\/lavandou.epi-plongee.fr\/wp-content\/uploads\/2023\/09\/Carte-Ramon-768x473.jpg 768w, https:\/\/lavandou.epi-plongee.fr\/wp-content\/uploads\/2023\/09\/Carte-Ramon.jpg 1167w\" sizes=\"auto, (max-width: 1024px) 100vw, 1024px\" \/><figcaption class=\"wp-element-caption\"><a href=\"https:\/\/www.google.com\/maps\/place\/43%C2%B017'12.0%22N+6%C2%B043'08.0%22E\/@43.2172968,6.468288,12.09z\/data=!4m4!3m3!8m2!3d43.2866667!4d6.7188889?entry=ttu\">Coordonn\u00e9es: 43\u00b0 10\u2019 432 N, 6\u00b0 32\u2019 668 E<\/a>.<\/figcaption><\/figure>\n\n\n\n<p><strong><mark style=\"background-color:rgba(0, 0, 0, 0)\" class=\"has-inline-color has-vivid-cyan-blue-color\">La plong\u00e9e&#8230;<\/mark><\/strong><\/p>\n\n\n\n<div class=\"wp-block-columns is-layout-flex wp-container-core-columns-is-layout-9d6595d7 wp-block-columns-is-layout-flex\">\n<div class=\"wp-block-column is-layout-flow wp-block-column-is-layout-flow\">\n<figure class=\"wp-block-image size-large\"><img loading=\"lazy\" decoding=\"async\" width=\"1024\" height=\"768\" src=\"https:\/\/lavandou.epi-plongee.fr\/wp-content\/uploads\/2023\/09\/202309101114418790-scaled-1024x768.jpg\" alt=\"\" class=\"wp-image-709\" srcset=\"https:\/\/lavandou.epi-plongee.fr\/wp-content\/uploads\/2023\/09\/202309101114418790-scaled-1024x768.jpg 1024w, https:\/\/lavandou.epi-plongee.fr\/wp-content\/uploads\/2023\/09\/202309101114418790-scaled-300x225.jpg 300w, https:\/\/lavandou.epi-plongee.fr\/wp-content\/uploads\/2023\/09\/202309101114418790-768x576.jpg 768w, https:\/\/lavandou.epi-plongee.fr\/wp-content\/uploads\/2023\/09\/202309101114418790-scaled-1536x1152.jpg 1536w, https:\/\/lavandou.epi-plongee.fr\/wp-content\/uploads\/2023\/09\/202309101114418790-scaled-2048x1536.jpg 2048w\" sizes=\"auto, (max-width: 1024px) 100vw, 1024px\" \/><\/figure>\n<\/div>\n\n\n\n<div class=\"wp-block-column is-layout-flow wp-block-column-is-layout-flow\">\n<figure class=\"wp-block-image size-large\"><img loading=\"lazy\" decoding=\"async\" width=\"768\" height=\"1024\" src=\"https:\/\/lavandou.epi-plongee.fr\/wp-content\/uploads\/2023\/09\/202309101130046350-scaled-768x1024.jpg\" alt=\"\" class=\"wp-image-710\" srcset=\"https:\/\/lavandou.epi-plongee.fr\/wp-content\/uploads\/2023\/09\/202309101130046350-768x1024.jpg 768w, https:\/\/lavandou.epi-plongee.fr\/wp-content\/uploads\/2023\/09\/202309101130046350-scaled-225x300.jpg 225w, https:\/\/lavandou.epi-plongee.fr\/wp-content\/uploads\/2023\/09\/202309101130046350-scaled-1152x1536.jpg 1152w, https:\/\/lavandou.epi-plongee.fr\/wp-content\/uploads\/2023\/09\/202309101130046350-scaled-1536x2048.jpg 1536w, https:\/\/lavandou.epi-plongee.fr\/wp-content\/uploads\/2023\/09\/202309101130046350-scaled.jpg 1920w\" sizes=\"auto, (max-width: 768px) 100vw, 768px\" \/><\/figure>\n<\/div>\n\n\n\n<div class=\"wp-block-column is-layout-flow wp-block-column-is-layout-flow\">\n<figure class=\"wp-block-image size-large\"><img loading=\"lazy\" decoding=\"async\" width=\"1024\" height=\"768\" src=\"https:\/\/lavandou.epi-plongee.fr\/wp-content\/uploads\/2023\/09\/202309101123156670-scaled-1024x768.jpg\" alt=\"\" class=\"wp-image-711\" srcset=\"https:\/\/lavandou.epi-plongee.fr\/wp-content\/uploads\/2023\/09\/202309101123156670-scaled-1024x768.jpg 1024w, https:\/\/lavandou.epi-plongee.fr\/wp-content\/uploads\/2023\/09\/202309101123156670-scaled-300x225.jpg 300w, https:\/\/lavandou.epi-plongee.fr\/wp-content\/uploads\/2023\/09\/202309101123156670-768x576.jpg 768w, https:\/\/lavandou.epi-plongee.fr\/wp-content\/uploads\/2023\/09\/202309101123156670-scaled-1536x1152.jpg 1536w, https:\/\/lavandou.epi-plongee.fr\/wp-content\/uploads\/2023\/09\/202309101123156670-scaled-2048x1536.jpg 2048w\" sizes=\"auto, (max-width: 1024px) 100vw, 1024px\" \/><\/figure>\n<\/div>\n<\/div>\n\n\n\n<p>\ud83d\udc49Accessible d\u00e8s le niveau 1, le Ramon Membr\u00f9 repose par 20 m\u00e8tres de fond sur un lit de sable. Les vestiges reposent sur une surface de plus de 120 m de long par 25 m de large. Comme l\u2019\u00e9pave a \u00e9t\u00e9 ferraill\u00e9, les parties importantes comme les machines et la chaudi\u00e8re ont \u00e9t\u00e9 remont\u00e9es. Il y a peu de vie sur l&rsquo;\u00e9pave. Attention le site est proche du chenal.<\/p>\n\n\n\n<p>Depuis le club, il faut compter environ 30 minutes de navigation.<\/p>\n\n\n\n<p><\/p>\n","protected":false},"excerpt":{"rendered":"<p>Dans la baie de Cavalaire, le Ramon Membr\u00f9 (ou Mumbru) est une \u00e9pave tr\u00e8s facile d&rsquo;acc\u00e8s \u00e0 partir du niveau 1 longue de 120m sur&hellip;<\/p>\n","protected":false},"author":1,"featured_media":0,"parent":0,"menu_order":0,"comment_status":"closed","ping_status":"closed","template":"","meta":{"footnotes":""},"class_list":["post-702","page","type-page","status-publish","hentry"],"featured_image_src":null,"_links":{"self":[{"href":"https:\/\/lavandou.epi-plongee.fr\/index.php?rest_route=\/wp\/v2\/pages\/702","targetHints":{"allow":["GET"]}}],"collection":[{"href":"https:\/\/lavandou.epi-plongee.fr\/index.php?rest_route=\/wp\/v2\/pages"}],"about":[{"href":"https:\/\/lavandou.epi-plongee.fr\/index.php?rest_route=\/wp\/v2\/types\/page"}],"author":[{"embeddable":true,"href":"https:\/\/lavandou.epi-plongee.fr\/index.php?rest_route=\/wp\/v2\/users\/1"}],"replies":[{"embeddable":true,"href":"https:\/\/lavandou.epi-plongee.fr\/index.php?rest_route=%2Fwp%2Fv2%2Fcomments&post=702"}],"version-history":[{"count":4,"href":"https:\/\/lavandou.epi-plongee.fr\/index.php?rest_route=\/wp\/v2\/pages\/702\/revisions"}],"predecessor-version":[{"id":826,"href":"https:\/\/lavandou.epi-plongee.fr\/index.php?rest_route=\/wp\/v2\/pages\/702\/revisions\/826"}],"wp:attachment":[{"href":"https:\/\/lavandou.epi-plongee.fr\/index.php?rest_route=%2Fwp%2Fv2%2Fmedia&parent=702"}],"curies":[{"name":"wp","href":"https:\/\/api.w.org\/{rel}","templated":true}]}}