{"id":643,"date":"2023-09-03T20:36:25","date_gmt":"2023-09-03T18:36:25","guid":{"rendered":"https:\/\/lavandou.epi-plongee.fr\/?page_id=643"},"modified":"2023-09-14T13:28:59","modified_gmt":"2023-09-14T11:28:59","slug":"le-rubis","status":"publish","type":"page","link":"https:\/\/lavandou.epi-plongee.fr\/?page_id=643","title":{"rendered":"Le Rubis"},"content":{"rendered":"\n<div class=\"wp-block-group is-vertical is-layout-flex wp-container-core-group-is-layout-8cf370e7 wp-block-group-is-layout-flex\">\n<div class=\"wp-block-columns is-layout-flex wp-container-core-columns-is-layout-9d6595d7 wp-block-columns-is-layout-flex\">\n<div class=\"wp-block-column is-layout-flow wp-block-column-is-layout-flow\">\n<figure class=\"wp-block-image size-full is-resized\"><img loading=\"lazy\" decoding=\"async\" src=\"https:\/\/lavandou.epi-plongee.fr\/wp-content\/uploads\/2023\/09\/Rubis-2.jpg\" alt=\"\" class=\"wp-image-649\" style=\"width:298px;height:247px\" width=\"298\" height=\"247\" srcset=\"https:\/\/lavandou.epi-plongee.fr\/wp-content\/uploads\/2023\/09\/Rubis-2.jpg 866w, https:\/\/lavandou.epi-plongee.fr\/wp-content\/uploads\/2023\/09\/Rubis-2-300x249.jpg 300w, https:\/\/lavandou.epi-plongee.fr\/wp-content\/uploads\/2023\/09\/Rubis-2-768x638.jpg 768w\" sizes=\"auto, (max-width: 298px) 100vw, 298px\" \/><\/figure>\n<\/div>\n\n\n\n<div class=\"wp-block-column is-layout-flow wp-block-column-is-layout-flow\">\n<figure class=\"wp-block-image size-large is-resized\"><img loading=\"lazy\" decoding=\"async\" src=\"https:\/\/lavandou.epi-plongee.fr\/wp-content\/uploads\/2023\/09\/Equipage-rubis7-1024x512.jpg\" alt=\"\" class=\"wp-image-648\" style=\"width:402px;height:201px\" width=\"402\" height=\"201\" srcset=\"https:\/\/lavandou.epi-plongee.fr\/wp-content\/uploads\/2023\/09\/Equipage-rubis7-1024x512.jpg 1024w, https:\/\/lavandou.epi-plongee.fr\/wp-content\/uploads\/2023\/09\/Equipage-rubis7-300x150.jpg 300w, https:\/\/lavandou.epi-plongee.fr\/wp-content\/uploads\/2023\/09\/Equipage-rubis7-768x384.jpg 768w, https:\/\/lavandou.epi-plongee.fr\/wp-content\/uploads\/2023\/09\/Equipage-rubis7.jpg 1047w\" sizes=\"auto, (max-width: 402px) 100vw, 402px\" \/><\/figure>\n<\/div>\n<\/div>\n\n\n\n<h3 class=\"wp-block-heading\"><strong><mark style=\"background-color:rgba(0, 0, 0, 0)\" class=\"has-inline-color has-luminous-vivid-amber-color\">Un peu d&rsquo;histoire&#8230;<\/mark><\/strong><\/h3>\n\n\n\n<div class=\"wp-block-group is-vertical is-layout-flex wp-container-core-group-is-layout-8cf370e7 wp-block-group-is-layout-flex\">\n<p>Ce sous-marin a \u00e9t\u00e9 mis sur cale en\u00a0avril 1929\u00a0\u00e0 l&rsquo;<a href=\"https:\/\/fr.wikipedia.org\/wiki\/Port_militaire_de_Toulon\">arsenal de Toulon<\/a>, lanc\u00e9 le\u00a030 septembre 1931\u00a0et entre en service le\u00a04 avril 1933.<\/p>\n\n\n\n<p>Il mesurait 66 m de long sur 7 m de large et 8 m de haut. Il \u00e9tait dot\u00e9 d\u2019un moteur Vickers-Armstrong de 3900 CV lui permettant une vitesse de 8 n\u0153uds en plong\u00e9e et 12 en surface. Le Rubis pouvait descendre jusqu\u2019\u00e0 50 m, et naviguer en immersion p\u00e9riscopique jusqu\u2019\u00e0 15 m.<br>Armement : 1 canon de 75 mm, 2 mitrailleuses de 13 mm, 32 mines de 1090 kg, 3 torpilles de 550 mm et 2 torpilles de 400 mm.<br>Equipage : 45 hommes (4 officiers, 9 sous-officiers, 32 hommes d\u2019\u00e9quipage).<\/p>\n\n\n\n<p>Durant la&nbsp;Seconde Guerre mondiale, le&nbsp;<em>Rubis<\/em>&nbsp;aura accompli 22 patrouilles op\u00e9rationnelles, mouillant 683 mines et coulant des navires pour un total d&rsquo;environ 21&nbsp;000 tonneaux de&nbsp;jauge brute. Il coula au total 22 navires ennemis, incluant 16 navires de l&rsquo;Axe&nbsp;(dont 14 allemands, incluant 12 navires de guerre), le&nbsp;<em>Rubis<\/em>&nbsp;a eu le plus long palmar\u00e8s des&nbsp;Forces navales fran\u00e7aises libres. Il fut nomm\u00e9&nbsp;compagnon de la Lib\u00e9ration.<\/p>\n\n\n<div class=\"wp-block-ub-content-toggle wp-block-ub-content-toggle-block\" id=\"ub-content-toggle-block-931ffea6-bf5b-44c2-9558-fd1859c16ac6\" data-mobilecollapse=\"false\" data-desktopcollapse=\"true\" data-preventcollapse=\"false\" data-showonlyone=\"false\">\n<div class=\"wp-block-ub-content-toggle-accordion\" style=\"border-color: #f1f1f1; \" id=\"ub-content-toggle-panel-block-\">\n\t\t\t<div class=\"wp-block-ub-content-toggle-accordion-title-wrap\" style=\"background-color: #f1f1f1;\" aria-controls=\"ub-content-toggle-panel-0-931ffea6-bf5b-44c2-9558-fd1859c16ac6\" tabindex=\"0\">\n\t\t\t<p class=\"wp-block-ub-content-toggle-accordion-title ub-content-toggle-title-931ffea6-bf5b-44c2-9558-fd1859c16ac6\" style=\"color: #000000; \">D\u00e9tails :<\/p>\n\t\t\t<div class=\"wp-block-ub-content-toggle-accordion-toggle-wrap right\" style=\"color: #000000;\"><span class=\"wp-block-ub-content-toggle-accordion-state-indicator wp-block-ub-chevron-down\"><\/span><\/div>\n\t\t<\/div>\n\t\t\t<div role=\"region\" aria-expanded=\"false\" class=\"wp-block-ub-content-toggle-accordion-content-wrap ub-hide\" id=\"ub-content-toggle-panel-0-931ffea6-bf5b-44c2-9558-fd1859c16ac6\">\n\n<p>Apr\u00e8s avoir appartenu aux\u00a07<sup>e<\/sup>\u00a0et\u00a05<sup>e<\/sup>\u00a0divisions de sous-marins de\u00a0<a href=\"https:\/\/fr.wikipedia.org\/wiki\/Toulon\">Toulon<\/a>, le\u00a0<em>Rubis<\/em>\u00a0a \u00e9t\u00e9 affect\u00e9 en 1937 \u00e0 l&rsquo;escadrille des sous-marins de\u00a0<a href=\"https:\/\/fr.wikipedia.org\/wiki\/Cherbourg-Octeville\">Cherbourg<\/a>.<\/p>\n\n\n\n<p>Au d\u00e9clenchement de la Seconde Guerre mondiale, le\u00a0<em>Rubis<\/em>\u00a0est en\u00a0mer M\u00e9diterran\u00e9e\u00a0dans le cadre du\u00a0<em>20<sup>e<\/sup>\u00a0division<\/em>\u00a0du\u00a0<em>6<sup>e<\/sup>\u00a0escadron<\/em>\u00a0de la\u00a0<em>4<sup>e<\/sup>\u00a0flottille de sous-marins<\/em>\u00a0\u00e0\u00a0Bizerte\u00a0en\u00a0Tunisie\u00a0avec ses\u00a0sister ships\u00a0<em>Nautilus<\/em>,\u00a0<em>Saphir<\/em>\u00a0et\u00a0<em>Turquoise<\/em>).<br>Le 7 f\u00e9vrier 1940, les\u00a0<em>Nautilus<\/em>,\u00a0<em>Rubis<\/em>\u00a0et\u00a0<em>Saphir<\/em>\u00a0escortent l&rsquo;<a href=\"https:\/\/fr.wikipedia.org\/wiki\/Aviso\">aviso<\/a>\u00a0<em>Commandant Rivi\u00e8re<\/em>\u00a0au d\u00e9part d&rsquo;<a href=\"https:\/\/fr.wikipedia.org\/wiki\/Oran\">Oran<\/a>.<br>Apr\u00e8s avoir travers\u00e9 le\u00a0d\u00e9troit de Gibraltar, ils rejoignent les\u00a0convois 9-R\u00a0et\u00a063-KS, puis atteignent\u00a0Brest\u00a0pour une courte p\u00e9riode d&rsquo;entretien.<\/p>\n\n\n\n<p>Au cours de la\u00a0campagne de Norv\u00e8ge, en\u00a0mai 1940, le\u00a0<em>Rubis<\/em>\u00a0mouille ses mines le long de la cote norv\u00e9gienne.<br>Celles-ci touchent quatre b\u00e2timents norv\u00e9giens en mai et juin, puis trois navires de commerce en juillet.<br>Le jour de l&rsquo;armistice, le\u00a022 juin 1940, le\u00a0<em>Rubis<\/em>\u00a0est bas\u00e9 dans le port de\u00a0Dundee\u00a0en\u00a0\u00c9cosse.<br>Sous l&rsquo;impulsion de son\u00a0commandant, le\u00a0lieutenant de vaisseau\u00a0Georges Cabanier, il rallie sans h\u00e9siter les\u00a0Forces navales fran\u00e7aises libres\u00a0avec la quasi-totalit\u00e9 de son\u00a0\u00e9quipage.<\/p>\n\n\n\n<p>Lors d&rsquo;un mouillage de mines au large de la Norv\u00e8ge le\u00a021 mai 1941, le\u00a0<em>Rubis<\/em>\u00a0aper\u00e7oit et torpille le navire de commerce finlandais\u00a0<em>Hogland<\/em>. Avari\u00e9 par la d\u00e9flagration du torpillage et incapable de plonger, le\u00a0<em>Rubis<\/em>\u00a0regagne\u00a0<a href=\"https:\/\/fr.wikipedia.org\/wiki\/Dundee\">Dundee<\/a>\u00a0en surface, prot\u00e9g\u00e9 par les avions de la\u00a0Royal Air Force, \u00e0 l&rsquo;approche des c\u00f4tes \u00e9cossaises. Plus tard au cours de la guerre, le\u00a0<em>Rubis<\/em>\u00a0mouille des mines dans le\u00a0golfe de Gascogne. Elles coulent trois\u00a0dragueurs de mines\u00a0allemands, un chalutier arm\u00e9 et un remorqueur fran\u00e7ais en 1942, ainsi qu&rsquo;un quatri\u00e8me dragueur de mines allemand en 1943. En op\u00e9ration au large de\u00a0Stavanger\u00a0en\u00a0septembre 1944, ses mines toucheront deux\u00a0chasseurs de sous-marins\u00a0et deux navires de commerce. En octobre et novembre, le\u00a0<em>Rubis<\/em>\u00a0continue ses mouillages de mines dans les eaux norv\u00e9giennes, endommageant deux navires, mais sans les couler. Toutefois, le\u00a021 d\u00e9cembre 1944, ses mines coulent trois chasseurs de sous marins, un navire de commerce allemand et un dragueur de mines.<\/p>\n\n<\/div>\n\t\t<\/div>\n<\/div>\n\n\n<div class=\"wp-block-group\"><div class=\"wp-block-group__inner-container is-layout-constrained wp-block-group-is-layout-constrained\">\n<p>D\u00e8s janvier 1945, le&nbsp;<em>Rubis<\/em>&nbsp;ne fait plus d\u2019op\u00e9ration, mais il ne rentrera en France que le 23 juin. Apr\u00e8s une refonte et un grand car\u00e9nage, il navigue, surtout en M\u00e9diterran\u00e9e, jusqu\u2019au 4 octobre 1949, date \u00e0 laquelle il est retir\u00e9 du service actif pour servir de base-\u00e9cole pour la formation des jeunes sous-mariniers. Le 31 janvier 1958, il est remorqu\u00e9 au large du Cap Camarat, o\u00f9, gr\u00e2ce \u00e0 une charge de 9 kg plac\u00e9e \u00e0 l\u2019arri\u00e8re, il est d\u00e9finitivement coul\u00e9. Il sert depuis comme cible sonar pour l\u2019entra\u00eenement des escorteurs du GASM (Groupe d\u2019Action Anti-Sous-marine).<\/p>\n<\/div><\/div>\n<\/div>\n<\/div>\n\n\n\n<p><strong><mark style=\"background-color:rgba(0, 0, 0, 0)\" class=\"has-inline-color has-vivid-cyan-blue-color\">La plong\u00e9e&#8230;<\/mark><\/strong><\/p>\n\n\n\n<p> L&rsquo;\u00e9pave du&nbsp;<em>Rubis<\/em>&nbsp;repose \u00e0 plat sur le sable par 42&nbsp;m\u00e8tres de fond au large du Cap Camarat \u00e0 la position&nbsp;43\u00b0&nbsp;11\u2032&nbsp;N, 6\u00b0&nbsp;42\u2032&nbsp;E, entre&nbsp;Cavalaire&nbsp;et&nbsp;Saint-Tropez. .<\/p>\n\n\n<div class=\"wp-block-image\">\n<figure class=\"aligncenter size-full is-resized\"><img loading=\"lazy\" decoding=\"async\" src=\"https:\/\/lavandou.epi-plongee.fr\/wp-content\/uploads\/2023\/09\/rubis-schema.gif\" alt=\"\" class=\"wp-image-644\" style=\"width:840px;height:156px\" width=\"840\" height=\"156\"\/><figcaption class=\"wp-element-caption\">Sch\u00e9ma : Cristina Franco<\/figcaption><\/figure>\n<\/div>\n\n\n<p>Le Rubis est une \u00e9pave incontournable de M\u00e9diterran\u00e9e.  La plong\u00e9e ne pose par contre aucun probl\u00e8me d\u2019orientation.<br>La profondeur est de 40 m max (Nitrox faite vous plaisir). On peut l\u2019explorer en totalit\u00e9 en une seule fois.<br><mark style=\"background-color:rgba(0, 0, 0, 0)\" class=\"has-inline-color has-vivid-red-color\"><strong>Il est interdit p\u00e9n\u00e9trer dans le navire.<\/strong> <\/mark>La plong\u00e9e peut d\u00e9buter par&nbsp;<a href=\"http:\/\/scubaspot.free.fr\/epaves\/rubis-poupe.html\">la poupe<\/a>.  Les deux h\u00e9lices ont ainsi disparus. Puis direction la proue avec un arr\u00eat obligatoire au niveau du&nbsp;<a href=\"http:\/\/scubaspot.free.fr\/epaves\/rubis-kiosque2.html\">kiosque<\/a>. Il est amusant de s\u2019y tenir, cela permet d\u2019avoir une superbe vision du Rubis. En continuant vers&nbsp;<a href=\"http:\/\/scubaspot.free.fr\/epaves\/rubis-proue.html\">la proue<\/a>,&nbsp;<a href=\"http:\/\/scubaspot.free.fr\/epaves\/rubis-trappes.html\">de nombreuses trappes<\/a>&nbsp;sont ouvertes r\u00e9v\u00e9lant pour certaines des instruments. Juste avant la proue on peut admirer les stabilisateurs en l\u00e9ger contrebas. A l\u2019avant le coupe-cha\u00eene est toujours pr\u00e9sent. Une fois \u00e0 la proue, il faut s\u2019avancer de quelques m\u00e8tres, se retourner, le Rubis semble vous foncer dessus.  La vision est tr\u00e8s jolie<\/p>\n\n\n\n<p>Accessible depuis le <strong>niveau 2<\/strong>, il faut <strong>pr\u00e9voir 50 min de navigation en zodiac.<\/strong><\/p>\n\n\n\n<div class=\"wp-block-columns is-layout-flex wp-container-core-columns-is-layout-9d6595d7 wp-block-columns-is-layout-flex\">\n<div class=\"wp-block-column is-layout-flow wp-block-column-is-layout-flow\">\n<figure class=\"wp-block-image size-large\"><img loading=\"lazy\" decoding=\"async\" width=\"768\" height=\"1024\" src=\"https:\/\/lavandou.epi-plongee.fr\/wp-content\/uploads\/2023\/09\/202309100957066210-scaled-768x1024.jpg\" alt=\"\" class=\"wp-image-717\" srcset=\"https:\/\/lavandou.epi-plongee.fr\/wp-content\/uploads\/2023\/09\/202309100957066210-768x1024.jpg 768w, https:\/\/lavandou.epi-plongee.fr\/wp-content\/uploads\/2023\/09\/202309100957066210-scaled-225x300.jpg 225w, https:\/\/lavandou.epi-plongee.fr\/wp-content\/uploads\/2023\/09\/202309100957066210-scaled-1152x1536.jpg 1152w, https:\/\/lavandou.epi-plongee.fr\/wp-content\/uploads\/2023\/09\/202309100957066210-scaled-1536x2048.jpg 1536w, https:\/\/lavandou.epi-plongee.fr\/wp-content\/uploads\/2023\/09\/202309100957066210-scaled.jpg 1920w\" sizes=\"auto, (max-width: 768px) 100vw, 768px\" \/><\/figure>\n<\/div>\n\n\n\n<div class=\"wp-block-column is-layout-flow wp-block-column-is-layout-flow\">\n<figure class=\"wp-block-image size-large\"><img loading=\"lazy\" decoding=\"async\" width=\"1024\" height=\"768\" src=\"https:\/\/lavandou.epi-plongee.fr\/wp-content\/uploads\/2023\/09\/P1020576-scaled-1024x768.jpg\" alt=\"\" class=\"wp-image-653\" srcset=\"https:\/\/lavandou.epi-plongee.fr\/wp-content\/uploads\/2023\/09\/P1020576-scaled-1024x768.jpg 1024w, https:\/\/lavandou.epi-plongee.fr\/wp-content\/uploads\/2023\/09\/P1020576-scaled-300x225.jpg 300w, https:\/\/lavandou.epi-plongee.fr\/wp-content\/uploads\/2023\/09\/P1020576-768x576.jpg 768w, https:\/\/lavandou.epi-plongee.fr\/wp-content\/uploads\/2023\/09\/P1020576-scaled-1536x1152.jpg 1536w, https:\/\/lavandou.epi-plongee.fr\/wp-content\/uploads\/2023\/09\/P1020576-scaled-2048x1536.jpg 2048w\" sizes=\"auto, (max-width: 1024px) 100vw, 1024px\" \/><\/figure>\n<\/div>\n\n\n\n<div class=\"wp-block-column is-layout-flow wp-block-column-is-layout-flow\">\n<figure class=\"wp-block-image size-large\"><img loading=\"lazy\" decoding=\"async\" width=\"768\" height=\"1024\" src=\"https:\/\/lavandou.epi-plongee.fr\/wp-content\/uploads\/2023\/09\/P1020573-scaled-768x1024.jpg\" alt=\"\" class=\"wp-image-651\" srcset=\"https:\/\/lavandou.epi-plongee.fr\/wp-content\/uploads\/2023\/09\/P1020573-768x1024.jpg 768w, https:\/\/lavandou.epi-plongee.fr\/wp-content\/uploads\/2023\/09\/P1020573-scaled-225x300.jpg 225w, https:\/\/lavandou.epi-plongee.fr\/wp-content\/uploads\/2023\/09\/P1020573-scaled-1152x1536.jpg 1152w, https:\/\/lavandou.epi-plongee.fr\/wp-content\/uploads\/2023\/09\/P1020573-scaled-1536x2048.jpg 1536w, https:\/\/lavandou.epi-plongee.fr\/wp-content\/uploads\/2023\/09\/P1020573-scaled.jpg 1920w\" sizes=\"auto, (max-width: 768px) 100vw, 768px\" \/><\/figure>\n<\/div>\n<\/div>\n\n\n<div class=\"wp-block-image\">\n<figure class=\"aligncenter size-large is-resized\"><img loading=\"lazy\" decoding=\"async\" src=\"https:\/\/lavandou.epi-plongee.fr\/wp-content\/uploads\/2023\/09\/202309101008066710-scaled-768x1024.jpg\" alt=\"\" class=\"wp-image-719\" style=\"width:274px;height:365px\" width=\"274\" height=\"365\" srcset=\"https:\/\/lavandou.epi-plongee.fr\/wp-content\/uploads\/2023\/09\/202309101008066710-768x1024.jpg 768w, https:\/\/lavandou.epi-plongee.fr\/wp-content\/uploads\/2023\/09\/202309101008066710-scaled-225x300.jpg 225w, https:\/\/lavandou.epi-plongee.fr\/wp-content\/uploads\/2023\/09\/202309101008066710-scaled-1152x1536.jpg 1152w, https:\/\/lavandou.epi-plongee.fr\/wp-content\/uploads\/2023\/09\/202309101008066710-scaled-1536x2048.jpg 1536w, https:\/\/lavandou.epi-plongee.fr\/wp-content\/uploads\/2023\/09\/202309101008066710-scaled.jpg 1920w\" sizes=\"auto, (max-width: 274px) 100vw, 274px\" \/><\/figure>\n<\/div>\n\n\n<figure class=\"wp-block-image size-large\"><img loading=\"lazy\" decoding=\"async\" width=\"1024\" height=\"304\" src=\"https:\/\/lavandou.epi-plongee.fr\/wp-content\/uploads\/2023\/09\/image-1024x304.png\" alt=\"\" class=\"wp-image-667\" srcset=\"https:\/\/lavandou.epi-plongee.fr\/wp-content\/uploads\/2023\/09\/image-1024x304.png 1024w, https:\/\/lavandou.epi-plongee.fr\/wp-content\/uploads\/2023\/09\/image-300x89.png 300w, https:\/\/lavandou.epi-plongee.fr\/wp-content\/uploads\/2023\/09\/image-768x228.png 768w, https:\/\/lavandou.epi-plongee.fr\/wp-content\/uploads\/2023\/09\/image.png 1249w\" sizes=\"auto, (max-width: 1024px) 100vw, 1024px\" \/><figcaption class=\"wp-element-caption\"><strong>Coordonn\u00e9es : 43\u00b0&nbsp;10\u2032&nbsp;59\u2033&nbsp;nord, 6\u00b0&nbsp;42\u2032&nbsp;00\u2033&nbsp;est<\/strong><\/figcaption><\/figure>\n","protected":false},"excerpt":{"rendered":"<p>Un peu d&rsquo;histoire&#8230; Ce sous-marin a \u00e9t\u00e9 mis sur cale en\u00a0avril 1929\u00a0\u00e0 l&rsquo;arsenal de Toulon, lanc\u00e9 le\u00a030 septembre 1931\u00a0et entre en service le\u00a04 avril 1933.&hellip;<\/p>\n","protected":false},"author":1,"featured_media":0,"parent":0,"menu_order":0,"comment_status":"closed","ping_status":"closed","template":"","meta":{"footnotes":""},"class_list":["post-643","page","type-page","status-publish","hentry"],"featured_image_src":null,"_links":{"self":[{"href":"https:\/\/lavandou.epi-plongee.fr\/index.php?rest_route=\/wp\/v2\/pages\/643","targetHints":{"allow":["GET"]}}],"collection":[{"href":"https:\/\/lavandou.epi-plongee.fr\/index.php?rest_route=\/wp\/v2\/pages"}],"about":[{"href":"https:\/\/lavandou.epi-plongee.fr\/index.php?rest_route=\/wp\/v2\/types\/page"}],"author":[{"embeddable":true,"href":"https:\/\/lavandou.epi-plongee.fr\/index.php?rest_route=\/wp\/v2\/users\/1"}],"replies":[{"embeddable":true,"href":"https:\/\/lavandou.epi-plongee.fr\/index.php?rest_route=%2Fwp%2Fv2%2Fcomments&post=643"}],"version-history":[{"count":11,"href":"https:\/\/lavandou.epi-plongee.fr\/index.php?rest_route=\/wp\/v2\/pages\/643\/revisions"}],"predecessor-version":[{"id":749,"href":"https:\/\/lavandou.epi-plongee.fr\/index.php?rest_route=\/wp\/v2\/pages\/643\/revisions\/749"}],"wp:attachment":[{"href":"https:\/\/lavandou.epi-plongee.fr\/index.php?rest_route=%2Fwp%2Fv2%2Fmedia&parent=643"}],"curies":[{"name":"wp","href":"https:\/\/api.w.org\/{rel}","templated":true}]}}