{"id":61,"date":"2023-07-06T14:56:46","date_gmt":"2023-07-06T12:56:46","guid":{"rendered":"http:\/\/lavandou.epi-plongee.fr\/?page_id=61"},"modified":"2026-02-16T16:53:15","modified_gmt":"2026-02-16T15:53:15","slug":"qui-sommes-nous","status":"publish","type":"page","link":"https:\/\/lavandou.epi-plongee.fr\/?page_id=61","title":{"rendered":"\ud83c\udf0a Bienvenue chez EPI Lavandou \u2013 Club de plong\u00e9e \ud83d\udc1f"},"content":{"rendered":"<div class=\"wp-block-image\">\n<figure class=\"aligncenter size-medium is-resized\"><img loading=\"lazy\" decoding=\"async\" width=\"300\" height=\"300\" src=\"https:\/\/lavandou.epi-plongee.fr\/wp-content\/uploads\/2023\/07\/IMG-20230330-WA0001-e1688498191366-300x300.jpg\" alt=\"EPI Lavandou\" class=\"wp-image-16\" style=\"width:200px;height:200px\" srcset=\"https:\/\/lavandou.epi-plongee.fr\/wp-content\/uploads\/2023\/07\/IMG-20230330-WA0001-e1688498191366-300x300.jpg 300w, https:\/\/lavandou.epi-plongee.fr\/wp-content\/uploads\/2023\/07\/IMG-20230330-WA0001-e1688498191366-150x150.jpg 150w, https:\/\/lavandou.epi-plongee.fr\/wp-content\/uploads\/2023\/07\/IMG-20230330-WA0001-e1688498191366-301x300.jpg 301w, https:\/\/lavandou.epi-plongee.fr\/wp-content\/uploads\/2023\/07\/IMG-20230330-WA0001-e1688498191366-32x32.jpg 32w, https:\/\/lavandou.epi-plongee.fr\/wp-content\/uploads\/2023\/07\/IMG-20230330-WA0001-e1688498191366-192x192.jpg 192w, https:\/\/lavandou.epi-plongee.fr\/wp-content\/uploads\/2023\/07\/IMG-20230330-WA0001-e1688498191366-180x180.jpg 180w, https:\/\/lavandou.epi-plongee.fr\/wp-content\/uploads\/2023\/07\/IMG-20230330-WA0001-e1688498191366-270x270.jpg 270w, https:\/\/lavandou.epi-plongee.fr\/wp-content\/uploads\/2023\/07\/IMG-20230330-WA0001-e1688498191366-64x64.jpg 64w, https:\/\/lavandou.epi-plongee.fr\/wp-content\/uploads\/2023\/07\/IMG-20230330-WA0001-e1688498191366.jpg 512w\" sizes=\"auto, (max-width: 300px) 100vw, 300px\" \/><\/figure>\n<\/div>\n\n\n<h3 class=\"wp-block-heading alignwide has-text-align-center has-pale-cyan-blue-background-color has-background has-medium-font-size\">Nos partenaires <\/h3>\n\n\n\n<div class=\"wp-block-group is-nowrap is-layout-flex wp-container-core-group-is-layout-ad2f72ca wp-block-group-is-layout-flex\">\n<div class=\"wp-block-group\"><div class=\"wp-block-group__inner-container is-layout-constrained wp-block-group-is-layout-constrained\">\n<figure class=\"wp-block-gallery has-nested-images columns-default is-cropped wp-block-gallery-1 is-layout-flex wp-block-gallery-is-layout-flex\">\n<figure class=\"wp-block-image size-full\"><a href=\"https:\/\/ffessm.fr\/\" target=\"_blank\"><img loading=\"lazy\" decoding=\"async\" width=\"680\" height=\"679\" data-id=\"1011\" src=\"https:\/\/lavandou.epi-plongee.fr\/wp-content\/uploads\/2025\/04\/FFESSM_Logo-quadri.jpg\" alt=\"\" class=\"wp-image-1011\" srcset=\"https:\/\/lavandou.epi-plongee.fr\/wp-content\/uploads\/2025\/04\/FFESSM_Logo-quadri.jpg 680w, https:\/\/lavandou.epi-plongee.fr\/wp-content\/uploads\/2025\/04\/FFESSM_Logo-quadri-300x300.jpg 300w, https:\/\/lavandou.epi-plongee.fr\/wp-content\/uploads\/2025\/04\/FFESSM_Logo-quadri-150x150.jpg 150w\" sizes=\"auto, (max-width: 680px) 100vw, 680px\" \/><\/a><\/figure>\n\n\n\n<figure class=\"wp-block-image size-large\"><a href=\"https:\/\/le-lavandou.fr\/\" target=\"_blank\" rel=\" noreferrer noopener\"><img loading=\"lazy\" decoding=\"async\" width=\"150\" height=\"150\" data-id=\"1130\" src=\"https:\/\/lavandou.epi-plongee.fr\/wp-content\/uploads\/2025\/05\/logo-mairie-lavandou.jpg\" alt=\"\" class=\"wp-image-1130\"\/><\/a><\/figure>\n\n\n\n<figure class=\"wp-block-image size-large\"><a href=\"https:\/\/portcros-parcnational.fr\/fr\" target=\"_blank\"><img loading=\"lazy\" decoding=\"async\" width=\"225\" height=\"225\" data-id=\"1132\" src=\"https:\/\/lavandou.epi-plongee.fr\/wp-content\/uploads\/2025\/05\/logo-port-cros-1.jpg\" alt=\"\" class=\"wp-image-1132\" srcset=\"https:\/\/lavandou.epi-plongee.fr\/wp-content\/uploads\/2025\/05\/logo-port-cros-1.jpg 225w, https:\/\/lavandou.epi-plongee.fr\/wp-content\/uploads\/2025\/05\/logo-port-cros-1-150x150.jpg 150w\" sizes=\"auto, (max-width: 225px) 100vw, 225px\" \/><\/a><\/figure>\n<\/figure>\n<\/div><\/div>\n\n\n\n<figure class=\"wp-block-image size-large\"><a href=\"https:\/\/anmp-plongee.com\/\" target=\"_blank\" rel=\" noreferrer noopener\"><img loading=\"lazy\" decoding=\"async\" width=\"225\" height=\"225\" src=\"https:\/\/lavandou.epi-plongee.fr\/wp-content\/uploads\/2026\/02\/logo-anmp.jpg\" alt=\"\" class=\"wp-image-1247\" srcset=\"https:\/\/lavandou.epi-plongee.fr\/wp-content\/uploads\/2026\/02\/logo-anmp.jpg 225w, https:\/\/lavandou.epi-plongee.fr\/wp-content\/uploads\/2026\/02\/logo-anmp-150x150.jpg 150w\" sizes=\"auto, (max-width: 225px) 100vw, 225px\" \/><\/a><\/figure>\n<\/div>\n\n\n\n<p class=\"has-medium-font-size\">Nous sommes situ\u00e9 sur le charmant port du Lavandou, <strong>EPI Lavandou<\/strong> est un club de plong\u00e9e familial et passionn\u00e9, qui vous accueille d&rsquo;avril \u00e0 octobre pour vous faire d\u00e9couvrir les plus beaux sites de plong\u00e9e de la M\u00e9diterran\u00e9e.<\/p>\n\n\n\n<p class=\"has-medium-font-size\">Nous avons la chance d\u2019\u00eatre implant\u00e9s <strong>au c\u0153ur du Parc national de Port-Cros<\/strong>, dans une zone marine prot\u00e9g\u00e9e d\u2019exception, et en <strong>plein c\u0153ur du sanctuaire Pelagos<\/strong>, un espace maritime d\u00e9di\u00e9 \u00e0 la protection des mammif\u00e8res marins. Un cadre unique, riche en biodiversit\u00e9, o\u00f9 chaque plong\u00e9e devient une aventure m\u00e9morable.<\/p>\n\n\n\n<h2 class=\"wp-block-heading alignwide has-text-align-center has-pale-cyan-blue-background-color has-background\">\ud83c\udfe0 Une structure pens\u00e9e pour votre confort<\/h2>\n\n\n\n<p class=\"has-medium-font-size\">Chez <strong>EPI Lavandou<\/strong>, nous avons tout pr\u00e9vu pour que votre exp\u00e9rience de plong\u00e9e commence d\u00e8s votre arriv\u00e9e, dans les meilleures conditions.<\/p>\n\n\n\n<p class=\"has-medium-font-size\">\ud83d\udc49 <strong>Notre local est id\u00e9alement situ\u00e9<\/strong> sur le port du Lavandou, \u00e0 quelques pas du parking payant, avec un <strong>acc\u00e8s direct aux bateaux<\/strong> amarr\u00e9s juste en face de la structure : fini les longues marches en combinaison et les portages inutiles !<\/p>\n\n\n\n<h3 class=\"wp-block-heading has-medium-font-size\"><strong>\ud83d\udece\ufe0f Bureau d\u2019accueil<\/strong><\/h3>\n\n\n\n<p class=\"has-medium-font-size\">D\u00e8s votre arriv\u00e9e, notre \u00e9quipe vous accueille dans un <strong>espace d\u00e9di\u00e9 \u00e0 l\u2019enregistrement, aux renseignements et \u00e0 la r\u00e9servation<\/strong>. Vous y trouverez \u00e9galement une <strong>petite boutique d\u2019accessoires de plong\u00e9e<\/strong> avec l\u2019essentiel : masques, tubas, et petits \u00e9quipements utiles pour vos explorations.<\/p>\n\n\n\n<h3 class=\"wp-block-heading has-medium-font-size\"><strong>\ud83d\udebf Vestiaires et douches<\/strong><\/h3>\n\n\n\n<p class=\"has-medium-font-size\">Nous mettons \u00e0 votre disposition :<\/p>\n\n\n\n<ul class=\"wp-block-list has-medium-font-size\">\n<li>Des <strong>vestiaires int\u00e9rieurs spacieux<\/strong> pour vous changer en toute tranquillit\u00e9<\/li>\n\n\n\n<li>Des <strong>douches chaudes \u00e0 l\u2019int\u00e9rieur<\/strong> pour vous rincer apr\u00e8s la plong\u00e9e<\/li>\n\n\n\n<li>Et une <strong>douche ext\u00e9rieure<\/strong> pratique en sortie de bateau pour un rin\u00e7age rapide<\/li>\n<\/ul>\n\n\n\n<h3 class=\"wp-block-heading has-medium-font-size\"><strong>\u2693 Embarquement ultra-facile<\/strong><\/h3>\n\n\n\n<p class=\"has-medium-font-size\">Nos deux bateaux, <em>Scyllias<\/em> et <em>Exocet<\/em>, sont amarr\u00e9s juste <strong>en face du local<\/strong>. Vous acc\u00e9dez \u00e0 bord en quelques pas, sans effort.<\/p>\n\n\n\n<hr class=\"wp-block-separator has-alpha-channel-opacity\"\/>\n\n\n\n<p class=\"has-medium-font-size\">\ud83d\udcac Tout est pens\u00e9 pour votre confort, votre s\u00e9curit\u00e9 et pour vous permettre de <strong>vivre votre plong\u00e9e en toute s\u00e9r\u00e9nit\u00e9<\/strong>, dans une ambiance chaleureuse et d\u00e9tendue<\/p>\n\n\n\n<h3 class=\"wp-block-heading alignwide has-pale-cyan-blue-background-color has-background has-medium-font-size\">\ud83d\udc20 Nos prestations :<\/h3>\n\n\n\n<ul class=\"wp-block-list\">\n<li class=\"has-medium-font-size\"><strong>Bapt\u00eames de plong\u00e9e<\/strong> d\u00e8s 8 ans<\/li>\n\n\n\n<li class=\"has-medium-font-size\"><strong>Plong\u00e9es d\u2019exploration<\/strong> sur des sites d\u2019exception : Le Rubis, la Gabini\u00e8re, le Grec, etc.<\/li>\n\n\n\n<li class=\"has-medium-font-size\"><strong>Formations ANMP\/ FFESSM<\/strong> tous niveaux (Niveau 1 \u00e0 3, Nitrox, RIFAP\u2026)<\/li>\n\n\n\n<li class=\"has-medium-font-size\"><strong>Location de mat\u00e9riel<\/strong> r\u00e9cent et entretenu<\/li>\n\n\n\n<li class=\"has-medium-font-size\"><strong>Sorties groupes et clubs<\/strong> avec accueil personnalis\u00e9<\/li>\n<\/ul>\n\n\n\n<h3 class=\"wp-block-heading alignwide has-pale-cyan-blue-background-color has-background has-medium-font-size\">\ud83c\udf1e Une ambiance simple et conviviale<\/h3>\n\n\n\n<p class=\"has-medium-font-size\">Chez EPI Lavandou, on plonge s\u00e9rieusement\u2026 sans se prendre au s\u00e9rieux ! Notre \u00e9quipe met tout en \u0153uvre pour que chaque sortie soit un moment de plaisir, de partage et de d\u00e9couverte.<\/p>\n\n\n\n<div class=\"wp-block-group\"><div class=\"wp-block-group__inner-container is-layout-constrained wp-block-group-is-layout-constrained\">\n<div class=\"wp-block-columns is-layout-flex wp-container-core-columns-is-layout-9d6595d7 wp-block-columns-is-layout-flex\">\n<div class=\"wp-block-column is-layout-flow wp-block-column-is-layout-flow\" style=\"flex-basis:100%\">\n<figure class=\"wp-block-table is-style-regular has-small-font-size\"><table class=\"has-fixed-layout\"><thead><tr><th>EPI Lavandou<\/th><\/tr><\/thead><tbody><tr><td colspan=\"3\"><\/td><\/tr><tr><td colspan=\"3\">SAS \u2013 Soci\u00e9t\u00e9 par actions simplifi\u00e9e<\/td><\/tr><tr><td colspan=\"3\">Quai des \u00celes d\u2019Or, 83980 Le Lavandou<\/td><\/tr><tr><td colspan=\"3\">SIRET : 952 019 693 00011<\/td><\/tr><tr><td colspan=\"3\">TVA intracom : FR15952019693<\/td><\/tr><tr><td colspan=\"3\">RCS Toulon : 952 019 693<\/td><\/tr><tr><td colspan=\"3\">Capital social : 10 000 \u20ac<\/td><\/tr><\/tbody><\/table><\/figure>\n<\/div>\n<\/div>\n<\/div><\/div>\n\n\n\n<hr class=\"wp-block-separator has-alpha-channel-opacity\"\/>\n\n\n\n<div class=\"wp-block-cover has-custom-content-position is-position-top-left\"><img loading=\"lazy\" decoding=\"async\" width=\"1024\" height=\"682\" class=\"wp-block-cover__image-background wp-image-661 size-full\" alt=\"L\u2019attribut alt de cette image est vide, son nom de fichier est 6685613-diaporama-1024x682.jpeg.\" src=\"https:\/\/lavandou.epi-plongee.fr\/wp-content\/uploads\/2023\/09\/image.jpeg\" data-object-fit=\"cover\" srcset=\"https:\/\/lavandou.epi-plongee.fr\/wp-content\/uploads\/2023\/09\/image.jpeg 1024w, https:\/\/lavandou.epi-plongee.fr\/wp-content\/uploads\/2023\/09\/image-300x200.jpeg 300w, https:\/\/lavandou.epi-plongee.fr\/wp-content\/uploads\/2023\/09\/image-768x512.jpeg 768w\" sizes=\"auto, (max-width: 1024px) 100vw, 1024px\" \/><span aria-hidden=\"true\" class=\"wp-block-cover__background has-background-dim\" style=\"background-color:#35759f\"><\/span><div class=\"wp-block-cover__inner-container is-layout-flow wp-block-cover-is-layout-flow\">\n<p class=\"has-text-align-center has-large-font-size\"><\/p>\n<\/div><\/div>\n\n\n\n<hr class=\"wp-block-separator has-alpha-channel-opacity\"\/>\n\n\n\n<figure class=\"wp-block-video\"><video height=\"720\" style=\"aspect-ratio: 1272 \/ 720;\" width=\"1272\" controls src=\"https:\/\/lavandou.epi-plongee.fr\/wp-content\/uploads\/2023\/07\/WhatsApp-Video-2023-07-07-at-10.26.16.mp4\"><\/video><\/figure>\n\n\n\n<p class=\"has-pale-cyan-blue-background-color has-background\"><\/p>\n\n\n\n<p><\/p>\n","protected":false},"excerpt":{"rendered":"<p>Nos partenaires Nous sommes situ\u00e9 sur le charmant port du Lavandou, EPI Lavandou est un club de plong\u00e9e familial et passionn\u00e9, qui vous accueille d&rsquo;avril&hellip;<\/p>\n","protected":false},"author":1,"featured_media":0,"parent":0,"menu_order":0,"comment_status":"closed","ping_status":"closed","template":"","meta":{"footnotes":""},"class_list":["post-61","page","type-page","status-publish","hentry"],"featured_image_src":null,"_links":{"self":[{"href":"https:\/\/lavandou.epi-plongee.fr\/index.php?rest_route=\/wp\/v2\/pages\/61","targetHints":{"allow":["GET"]}}],"collection":[{"href":"https:\/\/lavandou.epi-plongee.fr\/index.php?rest_route=\/wp\/v2\/pages"}],"about":[{"href":"https:\/\/lavandou.epi-plongee.fr\/index.php?rest_route=\/wp\/v2\/types\/page"}],"author":[{"embeddable":true,"href":"https:\/\/lavandou.epi-plongee.fr\/index.php?rest_route=\/wp\/v2\/users\/1"}],"replies":[{"embeddable":true,"href":"https:\/\/lavandou.epi-plongee.fr\/index.php?rest_route=%2Fwp%2Fv2%2Fcomments&post=61"}],"version-history":[{"count":33,"href":"https:\/\/lavandou.epi-plongee.fr\/index.php?rest_route=\/wp\/v2\/pages\/61\/revisions"}],"predecessor-version":[{"id":1249,"href":"https:\/\/lavandou.epi-plongee.fr\/index.php?rest_route=\/wp\/v2\/pages\/61\/revisions\/1249"}],"wp:attachment":[{"href":"https:\/\/lavandou.epi-plongee.fr\/index.php?rest_route=%2Fwp%2Fv2%2Fmedia&parent=61"}],"curies":[{"name":"wp","href":"https:\/\/api.w.org\/{rel}","templated":true}]}}