{"id":518,"date":"2023-09-03T15:18:31","date_gmt":"2023-09-03T13:18:31","guid":{"rendered":"https:\/\/lavandou.epi-plongee.fr\/?page_id=518"},"modified":"2023-09-03T21:21:58","modified_gmt":"2023-09-03T19:21:58","slug":"le-donator","status":"publish","type":"page","link":"https:\/\/lavandou.epi-plongee.fr\/?page_id=518","title":{"rendered":"Le Donator"},"content":{"rendered":"\n<figure class=\"wp-block-image size-full\"><img loading=\"lazy\" decoding=\"async\" width=\"940\" height=\"400\" src=\"https:\/\/lavandou.epi-plongee.fr\/wp-content\/uploads\/2023\/09\/donator2.jpg\" alt=\"\" class=\"wp-image-638\" srcset=\"https:\/\/lavandou.epi-plongee.fr\/wp-content\/uploads\/2023\/09\/donator2.jpg 940w, https:\/\/lavandou.epi-plongee.fr\/wp-content\/uploads\/2023\/09\/donator2-300x128.jpg 300w, https:\/\/lavandou.epi-plongee.fr\/wp-content\/uploads\/2023\/09\/donator2-768x327.jpg 768w\" sizes=\"auto, (max-width: 940px) 100vw, 940px\" \/><\/figure>\n\n\n\n<p>Le <em><strong>Donator<\/strong><\/em>, ou <em>Prosper Schiaffino<\/em>, est une \u00e9pave de cargo coul\u00e9 par une <a href=\"https:\/\/fr.wikipedia.org\/wiki\/Mine_marine\">mine<\/a> en 1945 et situ\u00e9e entre les \u00eeles de Port-Cros et Porquerolles. C&rsquo;est l&rsquo;une des \u00e9paves les plus r\u00e9put\u00e9es en plong\u00e9e en M\u00e9diterran\u00e9e.<\/p>\n\n\n\n<h3 class=\"wp-block-heading\"><strong><mark style=\"background-color:rgba(0, 0, 0, 0)\" class=\"has-inline-color has-luminous-vivid-amber-color\">Un peu d&rsquo;histoire&#8230;<\/mark><\/strong><\/h3>\n\n\n<div class=\"wp-block-image\">\n<figure class=\"alignleft size-full\"><img loading=\"lazy\" decoding=\"async\" width=\"263\" height=\"400\" src=\"https:\/\/lavandou.epi-plongee.fr\/wp-content\/uploads\/2023\/09\/Donator.jpg\" alt=\"\" class=\"wp-image-639\" srcset=\"https:\/\/lavandou.epi-plongee.fr\/wp-content\/uploads\/2023\/09\/Donator.jpg 263w, https:\/\/lavandou.epi-plongee.fr\/wp-content\/uploads\/2023\/09\/Donator-197x300.jpg 197w\" sizes=\"auto, (max-width: 263px) 100vw, 263px\" \/><\/figure>\n<\/div>\n\n\n<p>Baptis\u00e9 <em><strong>Donator<\/strong><\/em> lors de sa construction en 1931 \u00e0 Bergen (Norv\u00e8ge), il mesurait 78 m de long pour 12 m de large, et pouvait filer de 14 \u00e0 15 n\u0153uds propuls\u00e9 par son moteur de 1800 cv. Il change plusieurs fois de nom au fil des changements de propri\u00e9taires.<\/p>\n\n\n\n<p>Vendu \u00e0 la Compagnie g\u00e9n\u00e9rale d&rsquo;armement maritime en octobre 1933, il est renomm\u00e9 <em>Petite Terre<\/em> et transporte des <a href=\"https:\/\/fr.wikipedia.org\/wiki\/Banane\">bananes<\/a> entre les Antilles et le port de Rouen o\u00f9 le d\u00e9barquement s&rsquo;op\u00e9rait sur le quai \u00c9mile-Duchemin.<\/p>\n\n\n\n<p>En juin 1939, la Soci\u00e9t\u00e9 alg\u00e9rienne de navigation pour l&rsquo;Afrique du Nord le rach\u00e8te et le baptise <em>Prosper Schiaffino<\/em>, du nom du propri\u00e9taire, <a href=\"https:\/\/fr.wikipedia.org\/wiki\/Compagnie_Schiaffino\">Charles Schiaffino<\/a>. Il est alors transform\u00e9 en pinardier.<\/p>\n\n\n\n<p>La guerre \u00e9clate et le navire est alors charg\u00e9 du transport des troupes et du mat\u00e9riel, puis du ravitaillement de la Corse, lib\u00e9r\u00e9e d\u00e8s 1943.<\/p>\n\n\n\n<h3 class=\"wp-block-heading\"><strong>Naufrage<\/strong><\/h3>\n\n\n\n<p>Le <a href=\"https:\/\/fr.wikipedia.org\/wiki\/10_novembre\">10<\/a> <a href=\"https:\/\/fr.wikipedia.org\/wiki\/Novembre_1945\">novembre<\/a> 1945, charg\u00e9 de vin en provenance d&rsquo;Alg\u00e9rie, le <em>Prosper Schiaffino<\/em> fait route au sud de Porquerolles en serrant la c\u00f4te pour se prot\u00e9ger du <a href=\"https:\/\/fr.wikipedia.org\/wiki\/Mistral_(vent)\">mistral<\/a>. \u00c0 13h15 une <a href=\"https:\/\/fr.wikipedia.org\/wiki\/Mine_marine\">mine<\/a> d\u00e9rivante d\u00e9chire presque le navire en deux qui sombre avant que les matelots n&rsquo;aient pu mettre les canots \u00e0 la mer. Heureusement un avion de la <a href=\"https:\/\/fr.wikipedia.org\/wiki\/Royal_Air_Force\">Royal Air Force<\/a> donne l&rsquo;alerte. Le naufrage fera tout de m\u00eame 5 morts.<\/p>\n\n\n\n<p>Le <a href=\"https:\/\/fr.wikipedia.org\/wiki\/3_d%C3%A9cembre\">3<\/a> d\u00e9cembre 1945, le <em>Grec<\/em> coulera dans les m\u00eames conditions, non loin du <em>Donator<\/em>.<\/p>\n\n\n\n<p>Cette \u00e9poque marque les d\u00e9buts des exploits de <a href=\"https:\/\/fr.wikipedia.org\/wiki\/Jacques-Yves_Cousteau\">Jacques-Yves Cousteau<\/a> et <a href=\"https:\/\/fr.wikipedia.org\/wiki\/Philippe_Tailliez\">Philippe Tailliez<\/a>, on aper\u00e7oit d&rsquo;ailleurs le <em>Prosper Schiaffino<\/em> dans <em><a href=\"https:\/\/fr.wikipedia.org\/wiki\/Le_Monde_du_silence_(film)\">Le Monde du silence<\/a><\/em>.<\/p>\n\n\n\n<figure class=\"wp-block-gallery has-nested-images columns-default is-cropped wp-block-gallery-1 is-layout-flex wp-block-gallery-is-layout-flex\">\n<figure class=\"wp-block-image size-full\"><img loading=\"lazy\" decoding=\"async\" width=\"1024\" height=\"682\" data-id=\"661\" src=\"https:\/\/lavandou.epi-plongee.fr\/wp-content\/uploads\/2023\/09\/image.jpeg\" alt=\"L\u2019attribut alt de cette image est vide, son nom de fichier est 6685613-diaporama-1024x682.jpeg.\" class=\"wp-image-661\" srcset=\"https:\/\/lavandou.epi-plongee.fr\/wp-content\/uploads\/2023\/09\/image.jpeg 1024w, https:\/\/lavandou.epi-plongee.fr\/wp-content\/uploads\/2023\/09\/image-300x200.jpeg 300w, https:\/\/lavandou.epi-plongee.fr\/wp-content\/uploads\/2023\/09\/image-768x512.jpeg 768w\" sizes=\"auto, (max-width: 1024px) 100vw, 1024px\" \/><\/figure>\n\n\n\n<figure class=\"wp-block-image size-large\"><img loading=\"lazy\" decoding=\"async\" width=\"1024\" height=\"683\" data-id=\"530\" src=\"https:\/\/lavandou.epi-plongee.fr\/wp-content\/uploads\/2023\/07\/DSC_5154-scaled-1-1024x683.jpeg\" alt=\"\" class=\"wp-image-530\" srcset=\"https:\/\/lavandou.epi-plongee.fr\/wp-content\/uploads\/2023\/07\/DSC_5154-scaled-1-1024x683.jpeg 1024w, https:\/\/lavandou.epi-plongee.fr\/wp-content\/uploads\/2023\/07\/DSC_5154-scaled-1-300x200.jpeg 300w, https:\/\/lavandou.epi-plongee.fr\/wp-content\/uploads\/2023\/07\/DSC_5154-scaled-1-768x512.jpeg 768w, https:\/\/lavandou.epi-plongee.fr\/wp-content\/uploads\/2023\/07\/DSC_5154-scaled-1.jpeg 1280w\" sizes=\"auto, (max-width: 1024px) 100vw, 1024px\" \/><\/figure>\n\n\n\n<figure class=\"wp-block-image size-large\"><img loading=\"lazy\" decoding=\"async\" width=\"1024\" height=\"768\" data-id=\"531\" src=\"https:\/\/lavandou.epi-plongee.fr\/wp-content\/uploads\/2023\/07\/epave-5-1024x768.jpeg\" alt=\"\" class=\"wp-image-531\" srcset=\"https:\/\/lavandou.epi-plongee.fr\/wp-content\/uploads\/2023\/07\/epave-5-1024x768.jpeg 1024w, https:\/\/lavandou.epi-plongee.fr\/wp-content\/uploads\/2023\/07\/epave-5-300x225.jpeg 300w, https:\/\/lavandou.epi-plongee.fr\/wp-content\/uploads\/2023\/07\/epave-5-768x576.jpeg 768w, https:\/\/lavandou.epi-plongee.fr\/wp-content\/uploads\/2023\/07\/epave-5-1536x1152.jpeg 1536w, https:\/\/lavandou.epi-plongee.fr\/wp-content\/uploads\/2023\/07\/epave-5.jpeg 1600w\" sizes=\"auto, (max-width: 1024px) 100vw, 1024px\" \/><\/figure>\n<\/figure>\n\n\n\n<p><strong><mark style=\"background-color:rgba(0, 0, 0, 0)\" class=\"has-inline-color has-vivid-cyan-blue-color\">La plong\u00e9e&#8230;<\/mark><\/strong><\/p>\n\n\n<div class=\"wp-block-image\">\n<figure class=\"aligncenter size-full is-resized\"><img loading=\"lazy\" decoding=\"async\" src=\"https:\/\/lavandou.epi-plongee.fr\/wp-content\/uploads\/2023\/07\/donator-schema-1.gif\" alt=\"\" class=\"wp-image-566\" style=\"width:840px;height:291px\" width=\"840\" height=\"291\"\/><figcaption class=\"wp-element-caption\">Sch\u00e9ma : Cristina Franco<\/figcaption><\/figure>\n<\/div>\n\n\n<p><strong>Plong\u00e9e sur \u00e9pave \u00e0 &#8211; 50m<\/strong><\/p>\n\n\n\n<p>Le Donator est une r\u00e9f\u00e9rence en mati\u00e8re d\u2019\u00e9pave en M\u00e9diterran\u00e9e. La plong\u00e9e doit \u00eatre bien <strong>pr\u00e9par\u00e9e<\/strong> car le <strong>courant peut \u00eatre extr\u00eamement violent<\/strong> sur le site. De nombreux plongeurs faisant fi de cet aspect, ont fait soit une plong\u00e9e de surface, soit au fond n\u2019ont pu contempler le Donator que de loin sans jamais l\u2019atteindre. L\u2019\u00e9pave est vaste et bien conserv\u00e9e apr\u00e8s 55 ans pass\u00e9s sous l\u2019eau. Elle repose bien droite sur un fond de sable. La poupe se situe \u00e0 51 m tandis que la proue se trouve \u00e0 48 m.<\/p>\n\n\n\n<p><strong>Niveau de plong\u00e9e<\/strong><\/p>\n\n\n\n<p><mark style=\"background-color:rgba(0, 0, 0, 0)\" class=\"has-inline-color has-vivid-green-cyan-color\"><strong>Niveau 3 aguerris<\/strong><\/mark><\/p>\n\n\n\n<figure class=\"wp-block-image size-large\"><a href=\"https:\/\/www.google.com\/maps\/place\/Site+de+plong%C3%A9e+de+l'%C3%A9pave+du+%22Donator%22\/@43.0813187,6.2680659,11.75z\/data=!4m12!1m5!3m4!2zNDLCsDU5JzU3LjAiTiA2wrAxNic0My4wIkU!8m2!3d42.9991667!4d6.2786111!3m5!1s0x12c8d7a0a56c1de5:0xadc20d447de47b00!8m2!3d42.9932875!4d6.2739219!16s%2Fg%2F11t25cj840?entry=ttu\"><img loading=\"lazy\" decoding=\"async\" width=\"1024\" height=\"533\" src=\"https:\/\/lavandou.epi-plongee.fr\/wp-content\/uploads\/2023\/09\/image-1-1024x533.png\" alt=\"\" class=\"wp-image-670\" srcset=\"https:\/\/lavandou.epi-plongee.fr\/wp-content\/uploads\/2023\/09\/image-1-1024x533.png 1024w, https:\/\/lavandou.epi-plongee.fr\/wp-content\/uploads\/2023\/09\/image-1-300x156.png 300w, https:\/\/lavandou.epi-plongee.fr\/wp-content\/uploads\/2023\/09\/image-1-768x400.png 768w, https:\/\/lavandou.epi-plongee.fr\/wp-content\/uploads\/2023\/09\/image-1.png 1087w\" sizes=\"auto, (max-width: 1024px) 100vw, 1024px\" \/><\/a><figcaption class=\"wp-element-caption\">Coordonn\u00e9es\u00a0:\u00a0<a href=\"https:\/\/fr.wikipedia.org\/wiki\/Donator#\/maplink\/0\">42\u00b0\u00a059\u2032\u00a057\u2033\u00a0N, 6\u00b0\u00a016\u2032\u00a043\u2033\u00a0E<\/a><\/figcaption><\/figure>\n","protected":false},"excerpt":{"rendered":"<p>Le Donator, ou Prosper Schiaffino, est une \u00e9pave de cargo coul\u00e9 par une mine en 1945 et situ\u00e9e entre les \u00eeles de Port-Cros et Porquerolles.&hellip;<\/p>\n","protected":false},"author":4,"featured_media":0,"parent":0,"menu_order":0,"comment_status":"closed","ping_status":"closed","template":"","meta":{"footnotes":""},"class_list":["post-518","page","type-page","status-publish","hentry"],"featured_image_src":null,"_links":{"self":[{"href":"https:\/\/lavandou.epi-plongee.fr\/index.php?rest_route=\/wp\/v2\/pages\/518","targetHints":{"allow":["GET"]}}],"collection":[{"href":"https:\/\/lavandou.epi-plongee.fr\/index.php?rest_route=\/wp\/v2\/pages"}],"about":[{"href":"https:\/\/lavandou.epi-plongee.fr\/index.php?rest_route=\/wp\/v2\/types\/page"}],"author":[{"embeddable":true,"href":"https:\/\/lavandou.epi-plongee.fr\/index.php?rest_route=\/wp\/v2\/users\/4"}],"replies":[{"embeddable":true,"href":"https:\/\/lavandou.epi-plongee.fr\/index.php?rest_route=%2Fwp%2Fv2%2Fcomments&post=518"}],"version-history":[{"count":13,"href":"https:\/\/lavandou.epi-plongee.fr\/index.php?rest_route=\/wp\/v2\/pages\/518\/revisions"}],"predecessor-version":[{"id":673,"href":"https:\/\/lavandou.epi-plongee.fr\/index.php?rest_route=\/wp\/v2\/pages\/518\/revisions\/673"}],"wp:attachment":[{"href":"https:\/\/lavandou.epi-plongee.fr\/index.php?rest_route=%2Fwp%2Fv2%2Fmedia&parent=518"}],"curies":[{"name":"wp","href":"https:\/\/api.w.org\/{rel}","templated":true}]}}