{"id":31,"date":"2023-07-04T21:36:41","date_gmt":"2023-07-04T19:36:41","guid":{"rendered":"http:\/\/lavandou.epi-plongee.fr\/?page_id=31"},"modified":"2026-04-01T15:28:14","modified_gmt":"2026-04-01T13:28:14","slug":"tarifs","status":"publish","type":"page","link":"https:\/\/lavandou.epi-plongee.fr\/?page_id=31","title":{"rendered":"\u2693Tarifs &#038; R\u00e9servation\ud83d\udca6"},"content":{"rendered":"<div style=\"gap: 20px;\" class=\"align-button-center ub-buttons orientation-button-row ub-flex-wrap wp-block-ub-button\" id=\"ub-button-6b78d7fc-4f59-412b-b898-56a6964bd4bf\"><div class=\"ub-button-container\">\n\t\t\t<a href=\"https:\/\/booking.myrezapp.com\/fr\/online\/booking\/minisite\/18340\/epi-lavandou\" target=\"_blank\" rel=\"noopener noreferrer\" class=\"ub-button-block-main   ub-button-flex\" role=\"button\" style=\"--ub-button-background-color: #313131; --ub-button-color: #ffffff; --ub-button-border: none; --ub-button-hover-background-color: #313131; --ub-button-hover-color: #ffffff; --ub-button-hover-border: none; font-size: 17px; padding-top: 10px; padding-right: 10px; padding-bottom: 10px; padding-left: 10px; border-top-left-radius: 10px;; border-top-right-radius: 10px;; border-bottom-left-radius: 10px;; border-bottom-right-radius: 10px;; \">\n\t\t\t\t<div class=\"ub-button-content-holder\" style=\"flex-direction: row\">\n\t\t\t\t\t<span class=\"ub-button-block-btn\">R\u00e9servation<\/span>\n\t\t\t\t<\/div>\n\t\t\t<\/a>\n\t\t<\/div><\/div>\n\n\n<figure class=\"wp-block-table has-medium-font-size\"><table><tbody><tr><td><strong><mark style=\"background-color:#0693e3\" class=\"has-inline-color has-white-color\">Initiation<\/mark><mark style=\"background-color:rgba(0, 0, 0, 0)\" class=\"has-inline-color has-vivid-cyan-blue-color\"> <\/mark>(Mat\u00e9riel, trajet bateau, moniteur)<\/strong><\/td><\/tr><tr><td><img decoding=\"async\" src=\"data:image\/png;base64,iVBORw0KGgoAAAANSUhEUgAAABAAAAAQCAYAAAAf8\/9hAAAAAXNSR0IArs4c6QAAAARnQU1BAACxjwv8YQUAAAAJcEhZcwAADsMAAA7DAcdvqGQAAAMBSURBVDhPnZNbSBRRGMfPzBl3dtaZafbezF60Xd1sE0sNKzPKxIoiqBQLekmrp3ryoddeeiu6UFH2VtRLEEFE+SKEVA8WURpGrGxKm667upfZmZ3dcS55NvEhqKg\/HD6+3\/k4l4\/\/h4H\/UDgc9jg93pGCKLrxFfZPUhTF6gr6acbJeeEKA4Ig2BiG4T0eD0lRlFkoFBCGIbudoRwOL+LZbFZdZsZSn4uje+tPputVjkBV0Wi0WcOISxRNB0gcqJquSfxAi4h9EaExU6rWMcKB6gKYOfRtKn4DtDlMrJYFplMBEP2HWddwq665ld1xqHfUF92cNqosnrLXuoGxrqWijTvjmzv3vncK\/qymgaPu+qZkKrL4zesP9suqzBGBbd1naKPIDhzvu1MTCkuGDjBxf\/fIQiZHoVtDHpeIIg6BeU8rpycmP59ukJpmEEMiDDk7gNPUw1K1e+JdLIEtv19f2asolZMr0UJAyK9bn3v3arTDMuvrqMBlEbnUnPB1Kj898fhZYikjVXrCFdNOl14+JIn5eNK3cbRS+VNztrnZPFfLRQCorgDcQlKSJhc3oaTKQWsoRqzmiaVC\/KINGhdrMDmEOFr6m6chCIxGpmpNBtUhwW17D7pKYrZv6fOYCNVyhgfqxiolPZifTnCGXrKza1glPz0VU8ZGeUYvXfDyvnJuq+0aDJE9qInwzI2rr42CorI2+hgD8T1Olsbn4rFUOpmsL0nyJ0HwfXRT1sO8097j9geT0S27zg9zw\/Nra2oHpJLErVr5yqNhh6jKNjbEL17u7cVMl78VW0jMLJuqtPtwPxVo3qCjvcH2dqXm+ZE9gYbI09jkhPLHWUAGcwnBu4nU7IP4+Ph1xKxDrcHWzq7bRVU6MDX28f5vD0AGM03zBd9Y16KeEqaLEcsTErcCmqzuKkj5ppnJLx\/KabF\/dRZ+FZoH00KQqX2QAhG2gcTIDrOsbc\/Op7jvsfhLNSOdlc++\/fDXcWZutjk1aHbhJGxBuVHW3xM6NlI4N7YIAAA\/APl4Og\/C1I+HAAAAAElFTkSuQmCC\" alt=\"Image\"><strong> <\/strong>\ud83e\ude75 <strong>Bapt\u00eame<\/strong><\/td><td>85 \u20ac<\/td><\/tr><tr><td>Pack 2 plong\u00e9es Bapt\u00eame (Solo, couple, famille&#8230;)<\/td><td>160 \u20ac<\/td><\/tr><tr><td>Randonn\u00e9e palm\u00e9e (sans moniteur)<\/td><td>40 \u20ac<\/td><\/tr><\/tbody><\/table><\/figure>\n\n\n\n<figure class=\"wp-block-table has-medium-font-size\"><table class=\"has-pale-cyan-blue-background-color has-background\"><tbody><tr><td><strong><mark style=\"background-color:#f78da7\" class=\"has-inline-color has-white-color\">Formation<\/mark><\/strong> (Journ\u00e9e, Semaine, Week-end)<\/td><td class=\"has-text-align-left\" data-align=\"left\"><\/td><\/tr><tr><td>Certification PE12 (encadr\u00e9 jusqu&rsquo;\u00e0 12 m) <br> 3 plong\u00e9es \u00ab\u00a0Tout Compris\u00a0\u00bb<\/td><td class=\"has-text-align-left\" data-align=\"left\">375 \u20ac<\/td><\/tr><tr><td><img decoding=\"async\" src=\"data:image\/png;base64,iVBORw0KGgoAAAANSUhEUgAAABAAAAAQCAYAAAAf8\/9hAAAAAXNSR0IArs4c6QAAAARnQU1BAACxjwv8YQUAAAAJcEhZcwAADsMAAA7DAcdvqGQAAAMBSURBVDhPnZNbSBRRGMfPzBl3dtaZafbezF60Xd1sE0sNKzPKxIoiqBQLekmrp3ryoddeeiu6UFH2VtRLEEFE+SKEVA8WURpGrGxKm667upfZmZ3dcS55NvEhqKg\/HD6+3\/k4l4\/\/h4H\/UDgc9jg93pGCKLrxFfZPUhTF6gr6acbJeeEKA4Ig2BiG4T0eD0lRlFkoFBCGIbudoRwOL+LZbFZdZsZSn4uje+tPputVjkBV0Wi0WcOISxRNB0gcqJquSfxAi4h9EaExU6rWMcKB6gKYOfRtKn4DtDlMrJYFplMBEP2HWddwq665ld1xqHfUF92cNqosnrLXuoGxrqWijTvjmzv3vncK\/qymgaPu+qZkKrL4zesP9suqzBGBbd1naKPIDhzvu1MTCkuGDjBxf\/fIQiZHoVtDHpeIIg6BeU8rpycmP59ukJpmEEMiDDk7gNPUw1K1e+JdLIEtv19f2asolZMr0UJAyK9bn3v3arTDMuvrqMBlEbnUnPB1Kj898fhZYikjVXrCFdNOl14+JIn5eNK3cbRS+VNztrnZPFfLRQCorgDcQlKSJhc3oaTKQWsoRqzmiaVC\/KINGhdrMDmEOFr6m6chCIxGpmpNBtUhwW17D7pKYrZv6fOYCNVyhgfqxiolPZifTnCGXrKza1glPz0VU8ZGeUYvXfDyvnJuq+0aDJE9qInwzI2rr42CorI2+hgD8T1Olsbn4rFUOpmsL0nyJ0HwfXRT1sO8097j9geT0S27zg9zw\/Nra2oHpJLErVr5yqNhh6jKNjbEL17u7cVMl78VW0jMLJuqtPtwPxVo3qCjvcH2dqXm+ZE9gYbI09jkhPLHWUAGcwnBu4nU7IP4+Ph1xKxDrcHWzq7bRVU6MDX28f5vD0AGM03zBd9Y16KeEqaLEcsTErcCmqzuKkj5ppnJLx\/KabF\/dRZ+FZoH00KQqX2QAhG2gcTIDrOsbc\/Op7jvsfhLNSOdlc++\/fDXcWZutjk1aHbhJGxBuVHW3xM6NlI4N7YIAAA\/APl4Og\/C1I+HAAAAAElFTkSuQmCC\" alt=\"Image\">\ud83e\ude75 <strong>Niveau 1 (encadr\u00e9 jusqu&rsquo;\u00e0 20 m) : Attention bapt\u00eame requis<br> 4 plong\u00e9es + carnet de plong\u00e9e \u00ab\u00a0Tout compris\u00a0\u00bb<\/strong><\/td><td class=\"has-text-align-left\" data-align=\"left\"><strong>490 \u20ac<\/strong><\/td><\/tr><tr><td>Deep Diver PE40 (plongeur encadr\u00e9 jusqu&rsquo;\u00e0 40 m) : Attention Niveau 1 requis<br> 3 plong\u00e9es <\/td><td class=\"has-text-align-left\" data-align=\"left\">350 \u20ac<\/td><\/tr><tr><td>Niveau 2 (autonome \u00e0 20 m, encadr\u00e9 jusqu&rsquo;\u00e0 40 m): Attention Niveau 1 requis<br> 8 plong\u00e9es + cours th\u00e9oriques<\/td><td class=\"has-text-align-left\" data-align=\"left\">700 \u20ac<\/td><\/tr><tr><td>Niveau 3 : Attention Niveau 2 requis<br>10 plong\u00e9es + cours th\u00e9oriques (hors RIFAP)<\/td><td class=\"has-text-align-left\" data-align=\"left\">750 \u20ac<\/td><\/tr><tr><td>RIFAP <\/td><td class=\"has-text-align-left\" data-align=\"left\">140 \u20ac<\/td><\/tr><tr><td>Nitrox Base<br>2 plong\u00e9es + cours th\u00e9orique<\/td><td class=\"has-text-align-left\" data-align=\"left\">150 \u20ac<\/td><\/tr><tr><td>Nitrox Confirm\u00e9<br>4 plong\u00e9es + cours th\u00e9orique<\/td><td class=\"has-text-align-left\" data-align=\"left\">300 \u20ac<\/td><\/tr><tr><td><img decoding=\"async\" src=\"data:image\/png;base64,iVBORw0KGgoAAAANSUhEUgAAABAAAAAQCAYAAAAf8\/9hAAAAAXNSR0IArs4c6QAAAARnQU1BAACxjwv8YQUAAAAJcEhZcwAADsMAAA7DAcdvqGQAAAMBSURBVDhPnZNbSBRRGMfPzBl3dtaZafbezF60Xd1sE0sNKzPKxIoiqBQLekmrp3ryoddeeiu6UFH2VtRLEEFE+SKEVA8WURpGrGxKm667upfZmZ3dcS55NvEhqKg\/HD6+3\/k4l4\/\/h4H\/UDgc9jg93pGCKLrxFfZPUhTF6gr6acbJeeEKA4Ig2BiG4T0eD0lRlFkoFBCGIbudoRwOL+LZbFZdZsZSn4uje+tPputVjkBV0Wi0WcOISxRNB0gcqJquSfxAi4h9EaExU6rWMcKB6gKYOfRtKn4DtDlMrJYFplMBEP2HWddwq665ld1xqHfUF92cNqosnrLXuoGxrqWijTvjmzv3vncK\/qymgaPu+qZkKrL4zesP9suqzBGBbd1naKPIDhzvu1MTCkuGDjBxf\/fIQiZHoVtDHpeIIg6BeU8rpycmP59ukJpmEEMiDDk7gNPUw1K1e+JdLIEtv19f2asolZMr0UJAyK9bn3v3arTDMuvrqMBlEbnUnPB1Kj898fhZYikjVXrCFdNOl14+JIn5eNK3cbRS+VNztrnZPFfLRQCorgDcQlKSJhc3oaTKQWsoRqzmiaVC\/KINGhdrMDmEOFr6m6chCIxGpmpNBtUhwW17D7pKYrZv6fOYCNVyhgfqxiolPZifTnCGXrKza1glPz0VU8ZGeUYvXfDyvnJuq+0aDJE9qInwzI2rr42CorI2+hgD8T1Olsbn4rFUOpmsL0nyJ0HwfXRT1sO8097j9geT0S27zg9zw\/Nra2oHpJLErVr5yqNhh6jKNjbEL17u7cVMl78VW0jMLJuqtPtwPxVo3qCjvcH2dqXm+ZE9gYbI09jkhPLHWUAGcwnBu4nU7IP4+Ph1xKxDrcHWzq7bRVU6MDX28f5vD0AGM03zBd9Y16KeEqaLEcsTErcCmqzuKkj5ppnJLx\/KabF\/dRZ+FZoH00KQqX2QAhG2gcTIDrOsbc\/Op7jvsfhLNSOdlc++\/fDXcWZutjk1aHbhJGxBuVHW3xM6NlI4N7YIAAA\/APl4Og\/C1I+HAAAAAElFTkSuQmCC\" alt=\"Image\"><strong> <\/strong>\ud83e\ude75 <strong>Pack Formation \u00ab\u00a0je voyage tranquille\u00a0\u00bb<br>Niveau 2 + Nitrox base <\/strong><\/td><td class=\"has-text-align-left\" data-align=\"left\">750\u20ac<\/td><\/tr><tr><td>Carte de niveau FFESSM <figure class=\"wp-block-image aligncenter size-full is-resized\"><img loading=\"lazy\" decoding=\"async\" width=\"30\" height=\"30\" class=\"wp-image-1011\" style=\"width: 30px;\" src=\"https:\/\/lavandou.epi-plongee.fr\/wp-content\/uploads\/2025\/04\/FFESSM_Logo-quadri.jpg\" alt=\"\" srcset=\"https:\/\/lavandou.epi-plongee.fr\/wp-content\/uploads\/2025\/04\/FFESSM_Logo-quadri.jpg 680w, https:\/\/lavandou.epi-plongee.fr\/wp-content\/uploads\/2025\/04\/FFESSM_Logo-quadri-300x300.jpg 300w, https:\/\/lavandou.epi-plongee.fr\/wp-content\/uploads\/2025\/04\/FFESSM_Logo-quadri-150x150.jpg 150w\" sizes=\"auto, (max-width: 30px) 100vw, 30px\" \/><\/figure><\/td><td class=\"has-text-align-left\" data-align=\"left\">16 \u20ac<\/td><\/tr><tr><td>Licence f\u00e9d\u00e9rale FFESSM Adulte\/Jeune (12\/16 ans)<figure class=\"wp-block-image aligncenter size-full is-resized\"><img loading=\"lazy\" decoding=\"async\" width=\"30\" height=\"30\" class=\"wp-image-1011\" style=\"width: 30px;\" src=\"https:\/\/lavandou.epi-plongee.fr\/wp-content\/uploads\/2025\/04\/FFESSM_Logo-quadri.jpg\" alt=\"\" srcset=\"https:\/\/lavandou.epi-plongee.fr\/wp-content\/uploads\/2025\/04\/FFESSM_Logo-quadri.jpg 680w, https:\/\/lavandou.epi-plongee.fr\/wp-content\/uploads\/2025\/04\/FFESSM_Logo-quadri-300x300.jpg 300w, https:\/\/lavandou.epi-plongee.fr\/wp-content\/uploads\/2025\/04\/FFESSM_Logo-quadri-150x150.jpg 150w\" sizes=\"auto, (max-width: 30px) 100vw, 30px\" \/><\/figure><\/td><td class=\"has-text-align-left\" data-align=\"left\">49\/31 \u20ac<\/td><\/tr><tr><td>Carte de niveau ANMP<\/td><td class=\"has-text-align-left\" data-align=\"left\">16 \u20ac<\/td><\/tr><tr><td>Plong\u00e9e technique<\/td><td class=\"has-text-align-left\" data-align=\"left\">90 \u20ac<\/td><\/tr><\/tbody><\/table><\/figure>\n\n\n\n<figure class=\"wp-block-table has-medium-font-size\"><table class=\"has-pale-cyan-blue-background-color has-background\"><tbody><tr><td><strong><mark style=\"background-color:#00d084\" class=\"has-inline-color has-white-color\">Exploration<\/mark><\/strong><\/td><td class=\"has-text-align-left\" data-align=\"left\"><\/td><\/tr><tr><td><img decoding=\"async\" src=\"data:image\/png;base64,iVBORw0KGgoAAAANSUhEUgAAABAAAAAQCAYAAAAf8\/9hAAAAAXNSR0IArs4c6QAAAARnQU1BAACxjwv8YQUAAAAJcEhZcwAADsMAAA7DAcdvqGQAAAMBSURBVDhPnZNbSBRRGMfPzBl3dtaZafbezF60Xd1sE0sNKzPKxIoiqBQLekmrp3ryoddeeiu6UFH2VtRLEEFE+SKEVA8WURpGrGxKm667upfZmZ3dcS55NvEhqKg\/HD6+3\/k4l4\/\/h4H\/UDgc9jg93pGCKLrxFfZPUhTF6gr6acbJeeEKA4Ig2BiG4T0eD0lRlFkoFBCGIbudoRwOL+LZbFZdZsZSn4uje+tPputVjkBV0Wi0WcOISxRNB0gcqJquSfxAi4h9EaExU6rWMcKB6gKYOfRtKn4DtDlMrJYFplMBEP2HWddwq665ld1xqHfUF92cNqosnrLXuoGxrqWijTvjmzv3vncK\/qymgaPu+qZkKrL4zesP9suqzBGBbd1naKPIDhzvu1MTCkuGDjBxf\/fIQiZHoVtDHpeIIg6BeU8rpycmP59ukJpmEEMiDDk7gNPUw1K1e+JdLIEtv19f2asolZMr0UJAyK9bn3v3arTDMuvrqMBlEbnUnPB1Kj898fhZYikjVXrCFdNOl14+JIn5eNK3cbRS+VNztrnZPFfLRQCorgDcQlKSJhc3oaTKQWsoRqzmiaVC\/KINGhdrMDmEOFr6m6chCIxGpmpNBtUhwW17D7pKYrZv6fOYCNVyhgfqxiolPZifTnCGXrKza1glPz0VU8ZGeUYvXfDyvnJuq+0aDJE9qInwzI2rr42CorI2+hgD8T1Olsbn4rFUOpmsL0nyJ0HwfXRT1sO8097j9geT0S27zg9zw\/Nra2oHpJLErVr5yqNhh6jKNjbEL17u7cVMl78VW0jMLJuqtPtwPxVo3qCjvcH2dqXm+ZE9gYbI09jkhPLHWUAGcwnBu4nU7IP4+Ph1xKxDrcHWzq7bRVU6MDX28f5vD0AGM03zBd9Y16KeEqaLEcsTErcCmqzuKkj5ppnJLx\/KabF\/dRZ+FZoH00KQqX2QAhG2gcTIDrOsbc\/Op7jvsfhLNSOdlc++\/fDXcWZutjk1aHbhJGxBuVHW3xM6NlI4N7YIAAA\/APl4Og\/C1I+HAAAAAElFTkSuQmCC\" alt=\"Image\"><strong> <\/strong>\ud83e\ude75 <strong>Pack \u00ab\u00a0Je suis venu les mains dans les poches et je veux plonger en autonomie\u00a0\u00bb<\/strong><\/td><td class=\"has-text-align-left\" data-align=\"left\">65 \u20ac<\/td><\/tr><tr><td>Plong\u00e9e<\/td><td class=\"has-text-align-left\" data-align=\"left\">47 \u20ac<\/td><\/tr><tr><td>Encadrement 20m<\/td><td class=\"has-text-align-left\" data-align=\"left\">+15 \u20ac<\/td><\/tr><tr><td>Encadrement 40m<\/td><td class=\"has-text-align-left\" data-align=\"left\">+20 \u20ac<\/td><\/tr><tr><td>Nitrox<\/td><td class=\"has-text-align-left\" data-align=\"left\">+10 \u20ac<\/td><\/tr><tr><td>Location mat\u00e9riel&nbsp;<strong>chaque \u00e9l\u00e9ment<\/strong><br>(Stab, d\u00e9tendeur, combi, palmes\/masque)<\/td><td class=\"has-text-align-left\" data-align=\"left\">+7 \u20ac<\/td><\/tr><tr><td>Location mat\u00e9riel&nbsp;<strong>pack complet<\/strong><\/td><td class=\"has-text-align-left\" data-align=\"left\">+18 \u20ac<\/td><\/tr><tr><td>Location ordinateur<\/td><td class=\"has-text-align-left\" data-align=\"left\">+10 \u20ac<\/td><\/tr><tr><td>Epaves lointaines<br>&#8211; Le Rubis<br>&#8211; Le Donator, Le Grec, le Togo<\/td><td class=\"has-text-align-left\" data-align=\"left\"><br>+10 \u20ac<br>+5 \u20ac<\/td><\/tr><tr><td>Location bloc de d\u00e9co + d\u00e9tendeur (gaz inclus)<\/td><td class=\"has-text-align-left\" data-align=\"left\">18 \u20ac<\/td><\/tr><tr><td>Gonflage bloc perso (10 gonflages = le 11i\u00e8me gratuit)<\/td><td class=\"has-text-align-left\" data-align=\"left\">10 \u20ac<\/td><\/tr><\/tbody><\/table><\/figure>\n\n\n<div style=\"gap: 20px;\" class=\"align-button-center ub-buttons orientation-button-row ub-flex-wrap wp-block-ub-button\" id=\"ub-button-479f9bcd-391d-4b0a-8c22-4edd68236a35\"><div class=\"ub-button-container\">\n\t\t\t<a href=\"https:\/\/booking.myrezapp.com\/fr\/online\/booking\/minisite\/18340\/epi-lavandou\" target=\"_blank\" rel=\"noopener noreferrer\" class=\"ub-button-block-main   ub-button-flex\" role=\"button\" style=\"--ub-button-background-color: #313131; --ub-button-color: #ffffff; --ub-button-border: none; --ub-button-hover-background-color: #313131; --ub-button-hover-color: #ffffff; --ub-button-hover-border: none; font-size: 17px; padding-top: 10px; padding-right: 10px; padding-bottom: 10px; padding-left: 10px; border-top-left-radius: 10px;; border-top-right-radius: 10px;; border-bottom-left-radius: 10px;; border-bottom-right-radius: 10px;; \">\n\t\t\t\t<div class=\"ub-button-content-holder\" style=\"flex-direction: row\">\n\t\t\t\t\t<span class=\"ub-button-block-btn\">R\u00e9servation<\/span>\n\t\t\t\t<\/div>\n\t\t\t<\/a>\n\t\t<\/div><\/div>\n\n\n<hr class=\"wp-block-separator has-alpha-channel-opacity\"\/>\n\n\n\n<figure class=\"wp-block-video alignwide\"><video height=\"478\" style=\"aspect-ratio: 848 \/ 478;\" width=\"848\" controls src=\"https:\/\/lavandou.epi-plongee.fr\/wp-content\/uploads\/2025\/05\/raie-mobula.mp4\"><\/video><\/figure>\n","protected":false},"excerpt":{"rendered":"<p>Initiation (Mat\u00e9riel, trajet bateau, moniteur) \ud83e\ude75 Bapt\u00eame 85 \u20ac Pack 2 plong\u00e9es Bapt\u00eame (Solo, couple, famille&#8230;) 160 \u20ac Randonn\u00e9e palm\u00e9e (sans moniteur) 40 \u20ac Formation&hellip;<\/p>\n","protected":false},"author":1,"featured_media":0,"parent":0,"menu_order":0,"comment_status":"closed","ping_status":"closed","template":"","meta":{"footnotes":""},"class_list":["post-31","page","type-page","status-publish","hentry"],"featured_image_src":null,"_links":{"self":[{"href":"https:\/\/lavandou.epi-plongee.fr\/index.php?rest_route=\/wp\/v2\/pages\/31","targetHints":{"allow":["GET"]}}],"collection":[{"href":"https:\/\/lavandou.epi-plongee.fr\/index.php?rest_route=\/wp\/v2\/pages"}],"about":[{"href":"https:\/\/lavandou.epi-plongee.fr\/index.php?rest_route=\/wp\/v2\/types\/page"}],"author":[{"embeddable":true,"href":"https:\/\/lavandou.epi-plongee.fr\/index.php?rest_route=\/wp\/v2\/users\/1"}],"replies":[{"embeddable":true,"href":"https:\/\/lavandou.epi-plongee.fr\/index.php?rest_route=%2Fwp%2Fv2%2Fcomments&post=31"}],"version-history":[{"count":56,"href":"https:\/\/lavandou.epi-plongee.fr\/index.php?rest_route=\/wp\/v2\/pages\/31\/revisions"}],"predecessor-version":[{"id":1255,"href":"https:\/\/lavandou.epi-plongee.fr\/index.php?rest_route=\/wp\/v2\/pages\/31\/revisions\/1255"}],"wp:attachment":[{"href":"https:\/\/lavandou.epi-plongee.fr\/index.php?rest_route=%2Fwp%2Fv2%2Fmedia&parent=31"}],"curies":[{"name":"wp","href":"https:\/\/api.w.org\/{rel}","templated":true}]}}